{"id":2037,"date":"2017-12-26T14:55:46","date_gmt":"2017-12-26T13:55:46","guid":{"rendered":"http:\/\/www.glassdogs.de\/?page_id=2037"},"modified":"2025-04-20T11:29:57","modified_gmt":"2025-04-20T09:29:57","slug":"kontakt","status":"publish","type":"page","link":"https:\/\/www.glassdogs.de\/?page_id=2037","title":{"rendered":"Impressum"},"content":{"rendered":"<p>Anika Gla\u00df<br \/>\nHundeunternehmer<br \/>\nHauptstra\u00dfe 23<br \/>\n91469 Hagenb\u00fcchach<\/p>\n<p>Telefon: 09101\/9025597<\/p>\n<p>E-Mail:\u00a0<a href=\"mailto:anika@glassdogs.de\">anika@glassdogs.de<\/a><\/p>\n<p><strong>Umsatzsteuer-ID:\u00a0<\/strong><br \/>\nUmsatzsteuer-Identifikationsnummer nach \u00a727a Umsatzsteuergesetz:<br \/>\nDE312060901<\/p>\n<p><strong>Aufsichtsbeh\u00f6rde:\u00a0<\/strong>Landratsamt N\u00fcrnberger Land Veterin\u00e4rwesen Waldluststra\u00dfe 1 91207 Lauf a. d. Pegnitz<\/p>\n<p><strong>Berufshaftpflichtversicherung:\u00a0<\/strong>Uelzener Versicherungen<br \/>\nVeer\u00dfer Stra\u00dfe 65\/67 29525 Uelzen<\/p>\n<p><strong>Hinweis auf Lizenzverh\u00e4ltnis:<\/strong><br \/>\nHundegesundheitstraining Glassdogs ist selbst\u00e4ndige Lizenznehmerin des Hundezentrum HSS\u00ae.<br \/>\nDiese Website wird eigenverantwortlich von Hundegesundheitstraining Glassdogs betrieben.<\/p>\n<p><strong>Bildrechte:<\/strong><br \/>\nKarin Becker<br \/>\nwww.bildsch\u00f6n.net<\/p>\n<p>Philipp Gla\u00df<br \/>\nglassch\u00f6n<\/p>\n<p>Anika Gla\u00df<br \/>\nwww.glassdogs.de<\/p>\n<h2>Disclaimer \u2013 rechtliche Hinweise<\/h2>\n<p>\u00a7 1 Warnhinweis zu Inhalten<br \/>\nDie kostenlosen und frei zug\u00e4nglichen Inhalte dieser Webseite wurden mit gr\u00f6\u00dftm\u00f6glicher Sorgfalt erstellt. Der Anbieter dieser Webseite \u00fcbernimmt jedoch keine Gew\u00e4hr f\u00fcr die Richtigkeit und Aktualit\u00e4t der bereitgestellten kostenlosen und frei zug\u00e4nglichen journalistischen Ratgeber und Nachrichten. Namentlich gekennzeichnete Beitr\u00e4ge geben die Meinung des jeweiligen Autors und nicht immer die Meinung des Anbieters wieder. Allein durch den Aufruf der kostenlosen und frei zug\u00e4nglichen Inhalte kommt keinerlei Vertragsverh\u00e4ltnis zwischen dem Nutzer und dem Anbieter zustande, insoweit fehlt es am Rechtsbindungswillen des Anbieters.<\/p>\n<p>\u00a7 2 Externe Links<br \/>\nDiese Website enth\u00e4lt Verkn\u00fcpfungen zu Websites Dritter (&#8222;externe Links&#8220;). Diese Websites unterliegen der Haftung der jeweiligen Betreiber. Der Anbieter hat bei der erstmaligen Verkn\u00fcpfung der externen Links die fremden Inhalte daraufhin \u00fcberpr\u00fcft, ob etwaige Rechtsverst\u00f6\u00dfe bestehen. Zu dem Zeitpunkt waren keine Rechtsverst\u00f6\u00dfe ersichtlich. Der Anbieter hat keinerlei Einfluss auf die aktuelle und zuk\u00fcnftige Gestaltung und auf die Inhalte der verkn\u00fcpften Seiten. Das Setzen von externen Links bedeutet nicht, dass sich der Anbieter die hinter dem Verweis oder Link liegenden Inhalte zu Eigen macht. Eine st\u00e4ndige Kontrolle der externen Links ist f\u00fcr den Anbieter ohne konkrete Hinweise auf Rechtsverst\u00f6\u00dfe nicht zumutbar. Bei Kenntnis von Rechtsverst\u00f6\u00dfen werden jedoch derartige externe Links unverz\u00fcglich gel\u00f6scht.<\/p>\n<p>\u00a7 3 Urheber- und Leistungsschutzrechte<br \/>\nDie auf dieser Website ver\u00f6ffentlichten Inhalte unterliegen dem deutschen Urheber- und Leistungsschutzrecht. Jede vom deutschen Urheber- und Leistungsschutzrecht nicht zugelassene Verwertung bedarf der vorherigen schriftlichen Zustimmung des Anbieters oder jeweiligen Rechteinhabers. Dies gilt insbesondere f\u00fcr Vervielf\u00e4ltigung, Bearbeitung, \u00dcbersetzung, Einspeicherung, Verarbeitung bzw. Wiedergabe von Inhalten in Datenbanken oder anderen elektronischen Medien und Systemen. Inhalte und Rechte Dritter sind dabei als solche gekennzeichnet. Die unerlaubte Vervielf\u00e4ltigung oder Weitergabe einzelner Inhalte oder kompletter Seiten ist nicht gestattet und strafbar. Lediglich die Herstellung von Kopien und Downloads f\u00fcr den pers\u00f6nlichen, privaten und nicht kommerziellen Gebrauch ist erlaubt.<\/p>\n<p>Die Darstellung dieser Website in fremden Frames ist nur mit schriftlicher Erlaubnis zul\u00e4ssig.<\/p>\n<p>\u00a7 4 Besondere Nutzungsbedingungen<br \/>\nSoweit besondere Bedingungen f\u00fcr einzelne Nutzungen dieser Website von den vorgenannten Paragraphen abweichen, wird an entsprechender Stelle ausdr\u00fccklich darauf hingewiesen. In diesem Falle gelten im jeweiligen Einzelfall die besonderen Nutzungsbedingungen.<\/p>\n<p>Quelle:\u00a0<a href=\"https:\/\/www.juraforum.de\/impressum-generator\/\">Impressum Generator von JuraForum.de<\/a><\/p>\n<p>http:\/\/www.impressum-recht.de<\/p>\n","protected":false},"excerpt":{"rendered":"<p>Anika Gla\u00df Hundeunternehmer Hauptstra\u00dfe 23 91469 Hagenb\u00fcchach Telefon: 09101\/9025597 E-Mail:\u00a0anika@glassdogs.de Umsatzsteuer-ID:\u00a0 Umsatzsteuer-Identifikationsnummer nach \u00a727a Umsatzsteuergesetz: DE312060901 Aufsichtsbeh\u00f6rde:\u00a0Landratsamt N\u00fcrnberger Land Veterin\u00e4rwesen Waldluststra\u00dfe 1 91207 Lauf a. d. Pegnitz Berufshaftpflichtversicherung:\u00a0Uelzener Versicherungen Veer\u00dfer Stra\u00dfe 65\/67 29525 Uelzen Hinweis auf Lizenzverh\u00e4ltnis: Hundegesundheitstraining Glassdogs ist selbst\u00e4ndige Lizenznehmerin des Hundezentrum HSS\u00ae. Diese Website wird eigenverantwortlich von Hundegesundheitstraining Glassdogs betrieben. Bildrechte: Karin [&hellip;]<\/p>\n","protected":false},"author":1,"featured_media":0,"parent":0,"menu_order":0,"comment_status":"closed","ping_status":"closed","template":"","meta":{"jetpack_post_was_ever_published":false,"footnotes":""},"class_list":["post-2037","page","type-page","status-publish","hentry"],"yoast_head":"<!-- This site is optimized with the Yoast SEO plugin v27.5 - https:\/\/yoast.com\/product\/yoast-seo-wordpress\/ -->\n<title>Impressum - GLASSDOGS<\/title>\n<meta name=\"robots\" content=\"index, follow, max-snippet:-1, max-image-preview:large, max-video-preview:-1\" \/>\n<link rel=\"canonical\" href=\"https:\/\/www.glassdogs.de\/?page_id=2037\" \/>\n<meta property=\"og:locale\" content=\"de_DE\" \/>\n<meta property=\"og:type\" content=\"article\" \/>\n<meta property=\"og:title\" content=\"Impressum - GLASSDOGS\" \/>\n<meta property=\"og:description\" content=\"Anika Gla\u00df Hundeunternehmer Hauptstra\u00dfe 23 91469 Hagenb\u00fcchach Telefon: 09101\/9025597 E-Mail:\u00a0anika@glassdogs.de Umsatzsteuer-ID:\u00a0 Umsatzsteuer-Identifikationsnummer nach \u00a727a Umsatzsteuergesetz: DE312060901 Aufsichtsbeh\u00f6rde:\u00a0Landratsamt N\u00fcrnberger Land Veterin\u00e4rwesen Waldluststra\u00dfe 1 91207 Lauf a. d. Pegnitz Berufshaftpflichtversicherung:\u00a0Uelzener Versicherungen Veer\u00dfer Stra\u00dfe 65\/67 29525 Uelzen Hinweis auf Lizenzverh\u00e4ltnis: Hundegesundheitstraining Glassdogs ist selbst\u00e4ndige Lizenznehmerin des Hundezentrum HSS\u00ae. Diese Website wird eigenverantwortlich von Hundegesundheitstraining Glassdogs betrieben. Bildrechte: Karin [&hellip;]\" \/>\n<meta property=\"og:url\" content=\"https:\/\/www.glassdogs.de\/?page_id=2037\" \/>\n<meta property=\"og:site_name\" content=\"GLASSDOGS\" \/>\n<meta property=\"article:modified_time\" content=\"2025-04-20T09:29:57+00:00\" \/>\n<meta name=\"twitter:card\" content=\"summary_large_image\" \/>\n<meta name=\"twitter:label1\" content=\"Gesch\u00e4tzte Lesezeit\" \/>\n\t<meta name=\"twitter:data1\" content=\"3\u00a0Minuten\" \/>\n<script type=\"application\/ld+json\" class=\"yoast-schema-graph\">{\"@context\":\"https:\\\/\\\/schema.org\",\"@graph\":[{\"@type\":\"WebPage\",\"@id\":\"https:\\\/\\\/www.glassdogs.de\\\/?page_id=2037\",\"url\":\"https:\\\/\\\/www.glassdogs.de\\\/?page_id=2037\",\"name\":\"Impressum - GLASSDOGS\",\"isPartOf\":{\"@id\":\"https:\\\/\\\/www.glassdogs.de\\\/#website\"},\"datePublished\":\"2017-12-26T13:55:46+00:00\",\"dateModified\":\"2025-04-20T09:29:57+00:00\",\"breadcrumb\":{\"@id\":\"https:\\\/\\\/www.glassdogs.de\\\/?page_id=2037#breadcrumb\"},\"inLanguage\":\"de\",\"potentialAction\":[{\"@type\":\"ReadAction\",\"target\":[\"https:\\\/\\\/www.glassdogs.de\\\/?page_id=2037\"]}]},{\"@type\":\"BreadcrumbList\",\"@id\":\"https:\\\/\\\/www.glassdogs.de\\\/?page_id=2037#breadcrumb\",\"itemListElement\":[{\"@type\":\"ListItem\",\"position\":1,\"name\":\"Startseite\",\"item\":\"https:\\\/\\\/www.glassdogs.de\\\/\"},{\"@type\":\"ListItem\",\"position\":2,\"name\":\"Impressum\"}]},{\"@type\":\"WebSite\",\"@id\":\"https:\\\/\\\/www.glassdogs.de\\\/#website\",\"url\":\"https:\\\/\\\/www.glassdogs.de\\\/\",\"name\":\"GLASSDOGS\",\"description\":\"\",\"potentialAction\":[{\"@type\":\"SearchAction\",\"target\":{\"@type\":\"EntryPoint\",\"urlTemplate\":\"https:\\\/\\\/www.glassdogs.de\\\/?s={search_term_string}\"},\"query-input\":{\"@type\":\"PropertyValueSpecification\",\"valueRequired\":true,\"valueName\":\"search_term_string\"}}],\"inLanguage\":\"de\"}]}<\/script>\n<!-- \/ Yoast SEO plugin. -->","yoast_head_json":{"title":"Impressum - GLASSDOGS","robots":{"index":"index","follow":"follow","max-snippet":"max-snippet:-1","max-image-preview":"max-image-preview:large","max-video-preview":"max-video-preview:-1"},"canonical":"https:\/\/www.glassdogs.de\/?page_id=2037","og_locale":"de_DE","og_type":"article","og_title":"Impressum - GLASSDOGS","og_description":"Anika Gla\u00df Hundeunternehmer Hauptstra\u00dfe 23 91469 Hagenb\u00fcchach Telefon: 09101\/9025597 E-Mail:\u00a0anika@glassdogs.de Umsatzsteuer-ID:\u00a0 Umsatzsteuer-Identifikationsnummer nach \u00a727a Umsatzsteuergesetz: DE312060901 Aufsichtsbeh\u00f6rde:\u00a0Landratsamt N\u00fcrnberger Land Veterin\u00e4rwesen Waldluststra\u00dfe 1 91207 Lauf a. d. Pegnitz Berufshaftpflichtversicherung:\u00a0Uelzener Versicherungen Veer\u00dfer Stra\u00dfe 65\/67 29525 Uelzen Hinweis auf Lizenzverh\u00e4ltnis: Hundegesundheitstraining Glassdogs ist selbst\u00e4ndige Lizenznehmerin des Hundezentrum HSS\u00ae. Diese Website wird eigenverantwortlich von Hundegesundheitstraining Glassdogs betrieben. Bildrechte: Karin [&hellip;]","og_url":"https:\/\/www.glassdogs.de\/?page_id=2037","og_site_name":"GLASSDOGS","article_modified_time":"2025-04-20T09:29:57+00:00","twitter_card":"summary_large_image","twitter_misc":{"Gesch\u00e4tzte Lesezeit":"3\u00a0Minuten"},"schema":{"@context":"https:\/\/schema.org","@graph":[{"@type":"WebPage","@id":"https:\/\/www.glassdogs.de\/?page_id=2037","url":"https:\/\/www.glassdogs.de\/?page_id=2037","name":"Impressum - GLASSDOGS","isPartOf":{"@id":"https:\/\/www.glassdogs.de\/#website"},"datePublished":"2017-12-26T13:55:46+00:00","dateModified":"2025-04-20T09:29:57+00:00","breadcrumb":{"@id":"https:\/\/www.glassdogs.de\/?page_id=2037#breadcrumb"},"inLanguage":"de","potentialAction":[{"@type":"ReadAction","target":["https:\/\/www.glassdogs.de\/?page_id=2037"]}]},{"@type":"BreadcrumbList","@id":"https:\/\/www.glassdogs.de\/?page_id=2037#breadcrumb","itemListElement":[{"@type":"ListItem","position":1,"name":"Startseite","item":"https:\/\/www.glassdogs.de\/"},{"@type":"ListItem","position":2,"name":"Impressum"}]},{"@type":"WebSite","@id":"https:\/\/www.glassdogs.de\/#website","url":"https:\/\/www.glassdogs.de\/","name":"GLASSDOGS","description":"","potentialAction":[{"@type":"SearchAction","target":{"@type":"EntryPoint","urlTemplate":"https:\/\/www.glassdogs.de\/?s={search_term_string}"},"query-input":{"@type":"PropertyValueSpecification","valueRequired":true,"valueName":"search_term_string"}}],"inLanguage":"de"}]}},"jetpack_sharing_enabled":true,"jetpack_shortlink":"https:\/\/wp.me\/P7Ryul-wR","_links":{"self":[{"href":"https:\/\/www.glassdogs.de\/index.php?rest_route=\/wp\/v2\/pages\/2037","targetHints":{"allow":["GET"]}}],"collection":[{"href":"https:\/\/www.glassdogs.de\/index.php?rest_route=\/wp\/v2\/pages"}],"about":[{"href":"https:\/\/www.glassdogs.de\/index.php?rest_route=\/wp\/v2\/types\/page"}],"author":[{"embeddable":true,"href":"https:\/\/www.glassdogs.de\/index.php?rest_route=\/wp\/v2\/users\/1"}],"replies":[{"embeddable":true,"href":"https:\/\/www.glassdogs.de\/index.php?rest_route=%2Fwp%2Fv2%2Fcomments&post=2037"}],"version-history":[{"count":12,"href":"https:\/\/www.glassdogs.de\/index.php?rest_route=\/wp\/v2\/pages\/2037\/revisions"}],"predecessor-version":[{"id":4669,"href":"https:\/\/www.glassdogs.de\/index.php?rest_route=\/wp\/v2\/pages\/2037\/revisions\/4669"}],"wp:attachment":[{"href":"https:\/\/www.glassdogs.de\/index.php?rest_route=%2Fwp%2Fv2%2Fmedia&parent=2037"}],"curies":[{"name":"wp","href":"https:\/\/api.w.org\/{rel}","templated":true}]}}