{"id":2085,"date":"2018-01-05T13:49:59","date_gmt":"2018-01-05T12:49:59","guid":{"rendered":"http:\/\/www.glassdogs.de\/?page_id=2085"},"modified":"2022-08-13T12:30:43","modified_gmt":"2022-08-13T10:30:43","slug":"hundegesundheit-und-fitness","status":"publish","type":"page","link":"https:\/\/www.glassdogs.de\/?page_id=2085","title":{"rendered":"Hundegesundheit"},"content":{"rendered":"<p><em>Du w\u00fcnscht Dir nicht nur einen entspannten Alltag mit Deinem Hund, sondern auch das Dein Hund sich wohl f\u00fchlt und es ihm an nichts mangelt? Als Hundegesundheitstrainerin kann ich Dir und Deinem Hund noch mehr bieten. Bei mir bist Du auch richtig, wenn es um die Gesundheitsvorsorge Deines Hundes geht.<\/em><\/p>\n<p><strong>Gesundheitspaket Komfort\u00a0<\/strong><br \/>Damit Du zuk\u00fcnftig gesundheitlich nichts verpasst, biete ich Dir f\u00fcr Deinen Hund eine ganzheitliche Gesundheitsvorsorgeuntersuchung an. Diese besteht aus einer sorgf\u00e4ltigen Allgemeinuntersuchung Deines Hundes, mit eingehender Orthop\u00e4discher Untersuchung und eine umfassende Gangbildanalyse inkl. Auswertung. Hier nehme ich mir viel Zeit f\u00fcr Deine Fragen und gehe auf die Bed\u00fcrfnisse Deines Hundes ein. F\u00fcr sehr \u00e4ngstliche Hunde biete ich Dir zus\u00e4tzlich ein kostenloses Medical Training an. Achtung dies biete ich nur in Verbindung mit diesem Paket an. Mein Besuch soll einen Tierarztbesuch auf keinen Fall ersetzen, aber auf jeden Fall erg\u00e4nzen. Wenn Dir das Wohlergehen und die Gesundheitsvorsorge Deines Hundes wichtig ist, dann buche dieses Gesundheitspaket.\u00a0<br \/>Dauer ca. 90 bis 120 Min<br \/>Preis 90\u20ac<\/p>\n<p><strong>Gesundheitspaket Premium<\/strong><br \/>Hier biete ich Dir die gleichen Leistungen wie aus dem Gesundheitspaket Komfort und zus\u00e4tzlich Neurologische Untersuchungen, sowie Beurteilung des K\u00f6rperbaus an.\u00a0<br \/>Sehr empfehlenswert f\u00fcr Hunde die Hundesport betreiben.\u00a0<br \/>Sowie Hunde die k\u00f6rperliche und mentale Leistungen vollbringen m\u00fcssen wie Rettungshunde, Blindenf\u00fchrhunde, Jagdhunde im Einsatz, Polizeihunde, etc.\u00a0 <br \/>Selbstverst\u00e4ndlich sind alle Hunde willkommen und k\u00f6nnen dieses Angebot in Anspruch nehmen.\u00a0<br \/>Dauer ca. 120 bis 180 Min.<br \/>Preis 120\u20ac<\/p>\n<p><em><strong>J\u00e4hrlicher Check Up\u00a0<\/strong><\/em><br \/>F\u00fcr meine treuen Kunden biete ich einen j\u00e4hrlichen Check Up an. Dieser umfasst eine Allgemein- sowie eine Orthop\u00e4dische Untersuchung.<br \/>Dauer ca. 60 Min.<br \/>Preis 50\u20ac<\/p>\n<p><em><strong>Gangbildanalyse\u00a0<\/strong><\/em><br \/>Selbstverst\u00e4ndlich kannst Du mich auch buchen, wenn Du nur eine Gangbildanalyse Deines Hundes ben\u00f6tigst.<br \/>Dauer ca. 20 Min Preis inkl. Auswertung und Nachbesprechung.<br \/>Preis 30\u20ac<\/p>\n<p><em>Vereinbare\u00a0 gleich einen Termin <\/em>mit dem Stichwort <strong>Hundegesundheit <\/strong>an <em><strong>anika@glassdogs.de<\/strong><\/em> <em>oder rufe mich an<\/em><strong><em>\u00a009101\/9025597<\/em><\/strong><\/p>\n\n<div class=\"wp-block-image\">\n<figure class=\"alignright\"><img data-recalc-dims=\"1\" loading=\"lazy\" decoding=\"async\" width=\"822\" height=\"739\" src=\"https:\/\/i0.wp.com\/www.glassdogs.de\/wp-content\/uploads\/2019\/03\/Tierschutzhund.jpg?resize=822%2C739&#038;ssl=1\" alt=\"\" class=\"wp-image-2682\" srcset=\"https:\/\/i0.wp.com\/www.glassdogs.de\/wp-content\/uploads\/2019\/03\/Tierschutzhund.jpg?w=822&amp;ssl=1 822w, https:\/\/i0.wp.com\/www.glassdogs.de\/wp-content\/uploads\/2019\/03\/Tierschutzhund.jpg?resize=300%2C270&amp;ssl=1 300w, https:\/\/i0.wp.com\/www.glassdogs.de\/wp-content\/uploads\/2019\/03\/Tierschutzhund.jpg?resize=768%2C690&amp;ssl=1 768w\" sizes=\"auto, (max-width: 822px) 100vw, 822px\" \/><\/figure>\n<\/div>","protected":false},"excerpt":{"rendered":"<p>Du w\u00fcnscht Dir nicht nur einen entspannten Alltag mit Deinem Hund, sondern auch das Dein Hund sich wohl f\u00fchlt und es ihm an nichts mangelt? Als Hundegesundheitstrainerin kann ich Dir und Deinem Hund noch mehr bieten. Bei mir bist Du auch richtig, wenn es um die Gesundheitsvorsorge Deines Hundes geht. Gesundheitspaket Komfort\u00a0Damit Du zuk\u00fcnftig gesundheitlich [&hellip;]<\/p>\n","protected":false},"author":1,"featured_media":0,"parent":0,"menu_order":0,"comment_status":"closed","ping_status":"closed","template":"","meta":{"jetpack_post_was_ever_published":false,"footnotes":""},"class_list":["post-2085","page","type-page","status-publish","hentry"],"yoast_head":"<!-- This site is optimized with the Yoast SEO plugin v27.5 - https:\/\/yoast.com\/product\/yoast-seo-wordpress\/ -->\n<title>Hundegesundheit - GLASSDOGS<\/title>\n<meta name=\"robots\" content=\"index, follow, max-snippet:-1, max-image-preview:large, max-video-preview:-1\" \/>\n<link rel=\"canonical\" href=\"https:\/\/www.glassdogs.de\/?page_id=2085\" \/>\n<meta property=\"og:locale\" content=\"de_DE\" \/>\n<meta property=\"og:type\" content=\"article\" \/>\n<meta property=\"og:title\" content=\"Hundegesundheit - GLASSDOGS\" \/>\n<meta property=\"og:description\" content=\"Du w\u00fcnscht Dir nicht nur einen entspannten Alltag mit Deinem Hund, sondern auch das Dein Hund sich wohl f\u00fchlt und es ihm an nichts mangelt? Als Hundegesundheitstrainerin kann ich Dir und Deinem Hund noch mehr bieten. Bei mir bist Du auch richtig, wenn es um die Gesundheitsvorsorge Deines Hundes geht. Gesundheitspaket Komfort\u00a0Damit Du zuk\u00fcnftig gesundheitlich [&hellip;]\" \/>\n<meta property=\"og:url\" content=\"https:\/\/www.glassdogs.de\/?page_id=2085\" \/>\n<meta property=\"og:site_name\" content=\"GLASSDOGS\" \/>\n<meta property=\"article:modified_time\" content=\"2022-08-13T10:30:43+00:00\" \/>\n<meta property=\"og:image\" content=\"https:\/\/www.glassdogs.de\/wp-content\/uploads\/2019\/03\/Tierschutzhund.jpg\" \/>\n<meta name=\"twitter:card\" content=\"summary_large_image\" \/>\n<meta name=\"twitter:label1\" content=\"Gesch\u00e4tzte Lesezeit\" \/>\n\t<meta name=\"twitter:data1\" content=\"2\u00a0Minuten\" \/>\n<script type=\"application\/ld+json\" class=\"yoast-schema-graph\">{\"@context\":\"https:\\\/\\\/schema.org\",\"@graph\":[{\"@type\":\"WebPage\",\"@id\":\"https:\\\/\\\/www.glassdogs.de\\\/?page_id=2085\",\"url\":\"https:\\\/\\\/www.glassdogs.de\\\/?page_id=2085\",\"name\":\"Hundegesundheit - GLASSDOGS\",\"isPartOf\":{\"@id\":\"https:\\\/\\\/www.glassdogs.de\\\/#website\"},\"primaryImageOfPage\":{\"@id\":\"https:\\\/\\\/www.glassdogs.de\\\/?page_id=2085#primaryimage\"},\"image\":{\"@id\":\"https:\\\/\\\/www.glassdogs.de\\\/?page_id=2085#primaryimage\"},\"thumbnailUrl\":\"https:\\\/\\\/www.glassdogs.de\\\/wp-content\\\/uploads\\\/2019\\\/03\\\/Tierschutzhund.jpg\",\"datePublished\":\"2018-01-05T12:49:59+00:00\",\"dateModified\":\"2022-08-13T10:30:43+00:00\",\"breadcrumb\":{\"@id\":\"https:\\\/\\\/www.glassdogs.de\\\/?page_id=2085#breadcrumb\"},\"inLanguage\":\"de\",\"potentialAction\":[{\"@type\":\"ReadAction\",\"target\":[\"https:\\\/\\\/www.glassdogs.de\\\/?page_id=2085\"]}]},{\"@type\":\"ImageObject\",\"inLanguage\":\"de\",\"@id\":\"https:\\\/\\\/www.glassdogs.de\\\/?page_id=2085#primaryimage\",\"url\":\"https:\\\/\\\/i0.wp.com\\\/www.glassdogs.de\\\/wp-content\\\/uploads\\\/2019\\\/03\\\/Tierschutzhund.jpg?fit=822%2C739&ssl=1\",\"contentUrl\":\"https:\\\/\\\/i0.wp.com\\\/www.glassdogs.de\\\/wp-content\\\/uploads\\\/2019\\\/03\\\/Tierschutzhund.jpg?fit=822%2C739&ssl=1\",\"width\":822,\"height\":739},{\"@type\":\"BreadcrumbList\",\"@id\":\"https:\\\/\\\/www.glassdogs.de\\\/?page_id=2085#breadcrumb\",\"itemListElement\":[{\"@type\":\"ListItem\",\"position\":1,\"name\":\"Startseite\",\"item\":\"https:\\\/\\\/www.glassdogs.de\\\/\"},{\"@type\":\"ListItem\",\"position\":2,\"name\":\"Hundegesundheit\"}]},{\"@type\":\"WebSite\",\"@id\":\"https:\\\/\\\/www.glassdogs.de\\\/#website\",\"url\":\"https:\\\/\\\/www.glassdogs.de\\\/\",\"name\":\"GLASSDOGS\",\"description\":\"\",\"potentialAction\":[{\"@type\":\"SearchAction\",\"target\":{\"@type\":\"EntryPoint\",\"urlTemplate\":\"https:\\\/\\\/www.glassdogs.de\\\/?s={search_term_string}\"},\"query-input\":{\"@type\":\"PropertyValueSpecification\",\"valueRequired\":true,\"valueName\":\"search_term_string\"}}],\"inLanguage\":\"de\"}]}<\/script>\n<!-- \/ Yoast SEO plugin. -->","yoast_head_json":{"title":"Hundegesundheit - GLASSDOGS","robots":{"index":"index","follow":"follow","max-snippet":"max-snippet:-1","max-image-preview":"max-image-preview:large","max-video-preview":"max-video-preview:-1"},"canonical":"https:\/\/www.glassdogs.de\/?page_id=2085","og_locale":"de_DE","og_type":"article","og_title":"Hundegesundheit - GLASSDOGS","og_description":"Du w\u00fcnscht Dir nicht nur einen entspannten Alltag mit Deinem Hund, sondern auch das Dein Hund sich wohl f\u00fchlt und es ihm an nichts mangelt? Als Hundegesundheitstrainerin kann ich Dir und Deinem Hund noch mehr bieten. Bei mir bist Du auch richtig, wenn es um die Gesundheitsvorsorge Deines Hundes geht. Gesundheitspaket Komfort\u00a0Damit Du zuk\u00fcnftig gesundheitlich [&hellip;]","og_url":"https:\/\/www.glassdogs.de\/?page_id=2085","og_site_name":"GLASSDOGS","article_modified_time":"2022-08-13T10:30:43+00:00","og_image":[{"url":"https:\/\/www.glassdogs.de\/wp-content\/uploads\/2019\/03\/Tierschutzhund.jpg","type":"","width":"","height":""}],"twitter_card":"summary_large_image","twitter_misc":{"Gesch\u00e4tzte Lesezeit":"2\u00a0Minuten"},"schema":{"@context":"https:\/\/schema.org","@graph":[{"@type":"WebPage","@id":"https:\/\/www.glassdogs.de\/?page_id=2085","url":"https:\/\/www.glassdogs.de\/?page_id=2085","name":"Hundegesundheit - GLASSDOGS","isPartOf":{"@id":"https:\/\/www.glassdogs.de\/#website"},"primaryImageOfPage":{"@id":"https:\/\/www.glassdogs.de\/?page_id=2085#primaryimage"},"image":{"@id":"https:\/\/www.glassdogs.de\/?page_id=2085#primaryimage"},"thumbnailUrl":"https:\/\/www.glassdogs.de\/wp-content\/uploads\/2019\/03\/Tierschutzhund.jpg","datePublished":"2018-01-05T12:49:59+00:00","dateModified":"2022-08-13T10:30:43+00:00","breadcrumb":{"@id":"https:\/\/www.glassdogs.de\/?page_id=2085#breadcrumb"},"inLanguage":"de","potentialAction":[{"@type":"ReadAction","target":["https:\/\/www.glassdogs.de\/?page_id=2085"]}]},{"@type":"ImageObject","inLanguage":"de","@id":"https:\/\/www.glassdogs.de\/?page_id=2085#primaryimage","url":"https:\/\/i0.wp.com\/www.glassdogs.de\/wp-content\/uploads\/2019\/03\/Tierschutzhund.jpg?fit=822%2C739&ssl=1","contentUrl":"https:\/\/i0.wp.com\/www.glassdogs.de\/wp-content\/uploads\/2019\/03\/Tierschutzhund.jpg?fit=822%2C739&ssl=1","width":822,"height":739},{"@type":"BreadcrumbList","@id":"https:\/\/www.glassdogs.de\/?page_id=2085#breadcrumb","itemListElement":[{"@type":"ListItem","position":1,"name":"Startseite","item":"https:\/\/www.glassdogs.de\/"},{"@type":"ListItem","position":2,"name":"Hundegesundheit"}]},{"@type":"WebSite","@id":"https:\/\/www.glassdogs.de\/#website","url":"https:\/\/www.glassdogs.de\/","name":"GLASSDOGS","description":"","potentialAction":[{"@type":"SearchAction","target":{"@type":"EntryPoint","urlTemplate":"https:\/\/www.glassdogs.de\/?s={search_term_string}"},"query-input":{"@type":"PropertyValueSpecification","valueRequired":true,"valueName":"search_term_string"}}],"inLanguage":"de"}]}},"jetpack_sharing_enabled":true,"jetpack_shortlink":"https:\/\/wp.me\/P7Ryul-xD","_links":{"self":[{"href":"https:\/\/www.glassdogs.de\/index.php?rest_route=\/wp\/v2\/pages\/2085","targetHints":{"allow":["GET"]}}],"collection":[{"href":"https:\/\/www.glassdogs.de\/index.php?rest_route=\/wp\/v2\/pages"}],"about":[{"href":"https:\/\/www.glassdogs.de\/index.php?rest_route=\/wp\/v2\/types\/page"}],"author":[{"embeddable":true,"href":"https:\/\/www.glassdogs.de\/index.php?rest_route=\/wp\/v2\/users\/1"}],"replies":[{"embeddable":true,"href":"https:\/\/www.glassdogs.de\/index.php?rest_route=%2Fwp%2Fv2%2Fcomments&post=2085"}],"version-history":[{"count":34,"href":"https:\/\/www.glassdogs.de\/index.php?rest_route=\/wp\/v2\/pages\/2085\/revisions"}],"predecessor-version":[{"id":4052,"href":"https:\/\/www.glassdogs.de\/index.php?rest_route=\/wp\/v2\/pages\/2085\/revisions\/4052"}],"wp:attachment":[{"href":"https:\/\/www.glassdogs.de\/index.php?rest_route=%2Fwp%2Fv2%2Fmedia&parent=2085"}],"curies":[{"name":"wp","href":"https:\/\/api.w.org\/{rel}","templated":true}]}}