{"id":2151,"date":"2018-05-01T13:58:46","date_gmt":"2018-05-01T11:58:46","guid":{"rendered":"https:\/\/www.glassdogs.de\/?page_id=2151"},"modified":"2021-06-06T16:30:12","modified_gmt":"2021-06-06T14:30:12","slug":"fit-mit-4-pfoten","status":"publish","type":"page","link":"https:\/\/www.glassdogs.de\/?page_id=2151","title":{"rendered":"Locker und Fr\u00f6hlich"},"content":{"rendered":"<p>Wer in lockerer geselliger Runde, etwas f\u00fcr sein Wohlbefinden tun m\u00f6chte und seinen Hund gleich mit besch\u00e4ftigen, ist hier genau richtig.<br \/>Hier ist das Motto, alles kann, nichts muss!<\/p>\n<p>Gemeinsam mit unseren Hunden starten wir mit einem bunten Programm aus Spa\u00df, leichten Bewegungs\u00fcbungen und sinnvoller Besch\u00e4ftigung in den Tag. Wir bauen dabei langsam unsere Kondition auf, machen unsere m\u00fcden Knochen beweglicher und steigern unser Wohlbefinden. Du und dein Hund braucht keinerlei sportliche Vorerfahrung.<\/p>\n<p>Dieser Kurs findet drau\u00dfen in der sch\u00f6nen Gegend von Hagenb\u00fcchach und Umgebung statt.<br \/>Melde dich gleich an. Ich freu mich!<\/p>\n<p>Hunde sind ab dem 15. Lebensmonat herzlich willkommen.<\/p>\n<p><strong>Tag und Uhrzeit<br \/><\/strong>Freitags von 09:30 bis 10:30<\/p>\n<p>An und Abmeldungen sind bis 48 Stunden vorher m\u00f6glich und verbindlich.\u00a0<\/p>\n<p><strong>Gruppengr\u00f6\u00dfe<br \/><\/strong>max. 6 Mensch-Hunde-Teams\u00a0<\/p>\n<p>Jetzt anmelden mit dem Stichwort <strong>Locker und Fr\u00f6hlich <\/strong>an <strong>anika@glassdogs.de<\/strong> oder noch Fragen <strong>09101\/9025597<\/strong><\/p>\n\n\n<div class=\"wp-block-image\"><figure class=\"alignright\"><img data-recalc-dims=\"1\" loading=\"lazy\" decoding=\"async\" width=\"1024\" height=\"714\" src=\"https:\/\/i0.wp.com\/www.glassdogs.de\/wp-content\/uploads\/2019\/03\/received_10203340006938991.jpeg?resize=1024%2C714&#038;ssl=1\" alt=\"\" class=\"wp-image-2534\" srcset=\"https:\/\/i0.wp.com\/www.glassdogs.de\/wp-content\/uploads\/2019\/03\/received_10203340006938991.jpeg?resize=1024%2C714&amp;ssl=1 1024w, https:\/\/i0.wp.com\/www.glassdogs.de\/wp-content\/uploads\/2019\/03\/received_10203340006938991.jpeg?resize=300%2C209&amp;ssl=1 300w, https:\/\/i0.wp.com\/www.glassdogs.de\/wp-content\/uploads\/2019\/03\/received_10203340006938991.jpeg?resize=768%2C535&amp;ssl=1 768w, https:\/\/i0.wp.com\/www.glassdogs.de\/wp-content\/uploads\/2019\/03\/received_10203340006938991.jpeg?w=2048&amp;ssl=1 2048w\" sizes=\"auto, (max-width: 1024px) 100vw, 1024px\" \/><\/figure><\/div>\n","protected":false},"excerpt":{"rendered":"<p>Wer in lockerer geselliger Runde, etwas f\u00fcr sein Wohlbefinden tun m\u00f6chte und seinen Hund gleich mit besch\u00e4ftigen, ist hier genau richtig.Hier ist das Motto, alles kann, nichts muss! Gemeinsam mit unseren Hunden starten wir mit einem bunten Programm aus Spa\u00df, leichten Bewegungs\u00fcbungen und sinnvoller Besch\u00e4ftigung in den Tag. Wir bauen dabei langsam unsere Kondition auf, [&hellip;]<\/p>\n","protected":false},"author":1,"featured_media":0,"parent":0,"menu_order":0,"comment_status":"closed","ping_status":"closed","template":"","meta":{"jetpack_post_was_ever_published":false,"footnotes":""},"class_list":["post-2151","page","type-page","status-publish","hentry"],"yoast_head":"<!-- This site is optimized with the Yoast SEO plugin v27.3 - https:\/\/yoast.com\/product\/yoast-seo-wordpress\/ -->\n<title>Locker und Fr\u00f6hlich - GLASSDOGS<\/title>\n<meta name=\"robots\" content=\"index, follow, max-snippet:-1, max-image-preview:large, max-video-preview:-1\" \/>\n<link rel=\"canonical\" href=\"https:\/\/www.glassdogs.de\/?page_id=2151\" \/>\n<meta property=\"og:locale\" content=\"de_DE\" \/>\n<meta property=\"og:type\" content=\"article\" \/>\n<meta property=\"og:title\" content=\"Locker und Fr\u00f6hlich - GLASSDOGS\" \/>\n<meta property=\"og:description\" content=\"Wer in lockerer geselliger Runde, etwas f\u00fcr sein Wohlbefinden tun m\u00f6chte und seinen Hund gleich mit besch\u00e4ftigen, ist hier genau richtig.Hier ist das Motto, alles kann, nichts muss! Gemeinsam mit unseren Hunden starten wir mit einem bunten Programm aus Spa\u00df, leichten Bewegungs\u00fcbungen und sinnvoller Besch\u00e4ftigung in den Tag. Wir bauen dabei langsam unsere Kondition auf, [&hellip;]\" \/>\n<meta property=\"og:url\" content=\"https:\/\/www.glassdogs.de\/?page_id=2151\" \/>\n<meta property=\"og:site_name\" content=\"GLASSDOGS\" \/>\n<meta property=\"article:modified_time\" content=\"2021-06-06T14:30:12+00:00\" \/>\n<meta property=\"og:image\" content=\"https:\/\/www.glassdogs.de\/wp-content\/uploads\/2019\/03\/received_10203340006938991-1024x714.jpeg\" \/>\n<meta name=\"twitter:card\" content=\"summary_large_image\" \/>\n<meta name=\"twitter:label1\" content=\"Gesch\u00e4tzte Lesezeit\" \/>\n\t<meta name=\"twitter:data1\" content=\"1\u00a0Minute\" \/>\n<script type=\"application\/ld+json\" class=\"yoast-schema-graph\">{\"@context\":\"https:\\\/\\\/schema.org\",\"@graph\":[{\"@type\":\"WebPage\",\"@id\":\"https:\\\/\\\/www.glassdogs.de\\\/?page_id=2151\",\"url\":\"https:\\\/\\\/www.glassdogs.de\\\/?page_id=2151\",\"name\":\"Locker und Fr\u00f6hlich - GLASSDOGS\",\"isPartOf\":{\"@id\":\"https:\\\/\\\/www.glassdogs.de\\\/#website\"},\"primaryImageOfPage\":{\"@id\":\"https:\\\/\\\/www.glassdogs.de\\\/?page_id=2151#primaryimage\"},\"image\":{\"@id\":\"https:\\\/\\\/www.glassdogs.de\\\/?page_id=2151#primaryimage\"},\"thumbnailUrl\":\"https:\\\/\\\/www.glassdogs.de\\\/wp-content\\\/uploads\\\/2019\\\/03\\\/received_10203340006938991-1024x714.jpeg\",\"datePublished\":\"2018-05-01T11:58:46+00:00\",\"dateModified\":\"2021-06-06T14:30:12+00:00\",\"breadcrumb\":{\"@id\":\"https:\\\/\\\/www.glassdogs.de\\\/?page_id=2151#breadcrumb\"},\"inLanguage\":\"de\",\"potentialAction\":[{\"@type\":\"ReadAction\",\"target\":[\"https:\\\/\\\/www.glassdogs.de\\\/?page_id=2151\"]}]},{\"@type\":\"ImageObject\",\"inLanguage\":\"de\",\"@id\":\"https:\\\/\\\/www.glassdogs.de\\\/?page_id=2151#primaryimage\",\"url\":\"https:\\\/\\\/i0.wp.com\\\/www.glassdogs.de\\\/wp-content\\\/uploads\\\/2019\\\/03\\\/received_10203340006938991.jpeg?fit=2048%2C1427&ssl=1\",\"contentUrl\":\"https:\\\/\\\/i0.wp.com\\\/www.glassdogs.de\\\/wp-content\\\/uploads\\\/2019\\\/03\\\/received_10203340006938991.jpeg?fit=2048%2C1427&ssl=1\",\"width\":2048,\"height\":1427},{\"@type\":\"BreadcrumbList\",\"@id\":\"https:\\\/\\\/www.glassdogs.de\\\/?page_id=2151#breadcrumb\",\"itemListElement\":[{\"@type\":\"ListItem\",\"position\":1,\"name\":\"Startseite\",\"item\":\"https:\\\/\\\/www.glassdogs.de\\\/\"},{\"@type\":\"ListItem\",\"position\":2,\"name\":\"Locker und Fr\u00f6hlich\"}]},{\"@type\":\"WebSite\",\"@id\":\"https:\\\/\\\/www.glassdogs.de\\\/#website\",\"url\":\"https:\\\/\\\/www.glassdogs.de\\\/\",\"name\":\"GLASSDOGS\",\"description\":\"\",\"potentialAction\":[{\"@type\":\"SearchAction\",\"target\":{\"@type\":\"EntryPoint\",\"urlTemplate\":\"https:\\\/\\\/www.glassdogs.de\\\/?s={search_term_string}\"},\"query-input\":{\"@type\":\"PropertyValueSpecification\",\"valueRequired\":true,\"valueName\":\"search_term_string\"}}],\"inLanguage\":\"de\"}]}<\/script>\n<!-- \/ Yoast SEO plugin. -->","yoast_head_json":{"title":"Locker und Fr\u00f6hlich - GLASSDOGS","robots":{"index":"index","follow":"follow","max-snippet":"max-snippet:-1","max-image-preview":"max-image-preview:large","max-video-preview":"max-video-preview:-1"},"canonical":"https:\/\/www.glassdogs.de\/?page_id=2151","og_locale":"de_DE","og_type":"article","og_title":"Locker und Fr\u00f6hlich - GLASSDOGS","og_description":"Wer in lockerer geselliger Runde, etwas f\u00fcr sein Wohlbefinden tun m\u00f6chte und seinen Hund gleich mit besch\u00e4ftigen, ist hier genau richtig.Hier ist das Motto, alles kann, nichts muss! Gemeinsam mit unseren Hunden starten wir mit einem bunten Programm aus Spa\u00df, leichten Bewegungs\u00fcbungen und sinnvoller Besch\u00e4ftigung in den Tag. Wir bauen dabei langsam unsere Kondition auf, [&hellip;]","og_url":"https:\/\/www.glassdogs.de\/?page_id=2151","og_site_name":"GLASSDOGS","article_modified_time":"2021-06-06T14:30:12+00:00","og_image":[{"url":"https:\/\/www.glassdogs.de\/wp-content\/uploads\/2019\/03\/received_10203340006938991-1024x714.jpeg","type":"","width":"","height":""}],"twitter_card":"summary_large_image","twitter_misc":{"Gesch\u00e4tzte Lesezeit":"1\u00a0Minute"},"schema":{"@context":"https:\/\/schema.org","@graph":[{"@type":"WebPage","@id":"https:\/\/www.glassdogs.de\/?page_id=2151","url":"https:\/\/www.glassdogs.de\/?page_id=2151","name":"Locker und Fr\u00f6hlich - GLASSDOGS","isPartOf":{"@id":"https:\/\/www.glassdogs.de\/#website"},"primaryImageOfPage":{"@id":"https:\/\/www.glassdogs.de\/?page_id=2151#primaryimage"},"image":{"@id":"https:\/\/www.glassdogs.de\/?page_id=2151#primaryimage"},"thumbnailUrl":"https:\/\/www.glassdogs.de\/wp-content\/uploads\/2019\/03\/received_10203340006938991-1024x714.jpeg","datePublished":"2018-05-01T11:58:46+00:00","dateModified":"2021-06-06T14:30:12+00:00","breadcrumb":{"@id":"https:\/\/www.glassdogs.de\/?page_id=2151#breadcrumb"},"inLanguage":"de","potentialAction":[{"@type":"ReadAction","target":["https:\/\/www.glassdogs.de\/?page_id=2151"]}]},{"@type":"ImageObject","inLanguage":"de","@id":"https:\/\/www.glassdogs.de\/?page_id=2151#primaryimage","url":"https:\/\/i0.wp.com\/www.glassdogs.de\/wp-content\/uploads\/2019\/03\/received_10203340006938991.jpeg?fit=2048%2C1427&ssl=1","contentUrl":"https:\/\/i0.wp.com\/www.glassdogs.de\/wp-content\/uploads\/2019\/03\/received_10203340006938991.jpeg?fit=2048%2C1427&ssl=1","width":2048,"height":1427},{"@type":"BreadcrumbList","@id":"https:\/\/www.glassdogs.de\/?page_id=2151#breadcrumb","itemListElement":[{"@type":"ListItem","position":1,"name":"Startseite","item":"https:\/\/www.glassdogs.de\/"},{"@type":"ListItem","position":2,"name":"Locker und Fr\u00f6hlich"}]},{"@type":"WebSite","@id":"https:\/\/www.glassdogs.de\/#website","url":"https:\/\/www.glassdogs.de\/","name":"GLASSDOGS","description":"","potentialAction":[{"@type":"SearchAction","target":{"@type":"EntryPoint","urlTemplate":"https:\/\/www.glassdogs.de\/?s={search_term_string}"},"query-input":{"@type":"PropertyValueSpecification","valueRequired":true,"valueName":"search_term_string"}}],"inLanguage":"de"}]}},"jetpack_sharing_enabled":true,"jetpack_shortlink":"https:\/\/wp.me\/P7Ryul-yH","_links":{"self":[{"href":"https:\/\/www.glassdogs.de\/index.php?rest_route=\/wp\/v2\/pages\/2151","targetHints":{"allow":["GET"]}}],"collection":[{"href":"https:\/\/www.glassdogs.de\/index.php?rest_route=\/wp\/v2\/pages"}],"about":[{"href":"https:\/\/www.glassdogs.de\/index.php?rest_route=\/wp\/v2\/types\/page"}],"author":[{"embeddable":true,"href":"https:\/\/www.glassdogs.de\/index.php?rest_route=\/wp\/v2\/users\/1"}],"replies":[{"embeddable":true,"href":"https:\/\/www.glassdogs.de\/index.php?rest_route=%2Fwp%2Fv2%2Fcomments&post=2151"}],"version-history":[{"count":28,"href":"https:\/\/www.glassdogs.de\/index.php?rest_route=\/wp\/v2\/pages\/2151\/revisions"}],"predecessor-version":[{"id":3984,"href":"https:\/\/www.glassdogs.de\/index.php?rest_route=\/wp\/v2\/pages\/2151\/revisions\/3984"}],"wp:attachment":[{"href":"https:\/\/www.glassdogs.de\/index.php?rest_route=%2Fwp%2Fv2%2Fmedia&parent=2151"}],"curies":[{"name":"wp","href":"https:\/\/api.w.org\/{rel}","templated":true}]}}