{"id":2644,"date":"2019-03-16T22:17:48","date_gmt":"2019-03-16T21:17:48","guid":{"rendered":"https:\/\/www.glassdogs.de\/?page_id=2644"},"modified":"2021-06-06T16:16:32","modified_gmt":"2021-06-06T14:16:32","slug":"kleinhunde-kurs","status":"publish","type":"page","link":"https:\/\/www.glassdogs.de\/?page_id=2644","title":{"rendered":"Kleinhunde Gruppe"},"content":{"rendered":"\n<p>Hier sind alle Rassen willkommen die eine Schulterh\u00f6he von 40 cm nicht \u00fcbersteigen. In dieser Gruppe sind die Kleinhunderassen und deren Mixe unter sich und k\u00f6nnen stressfrei von einander und miteinander lernen, werden ihren Bed\u00fcrfnissen entsprechend gef\u00f6rdert und k\u00f6nnen zeigen was in ihnen steckt. Ein Kurs auf Augenh\u00f6he.<\/p>\n\n\n\n<p>In dieser Gruppe geht es um den gemeinsamen Spa\u00df und um das gemeinsame Erleben mit unseren Hunden, nat\u00fcrlich kommt dabei auch die Erziehung nicht zu kurz. <\/p>\n\n\n\n<p><strong>Tag und Uhrzeit <\/strong><br><em>In der Sommersaison vom 08. April bis 28. Oktober<\/em> <em>2021<\/em><br>Donnerstag von 17:30 bis 18:30<\/p>\n\n\n\n<p><em>In der Wintersaison vom 06. November 2021 bis 26. M\u00e4rz 202<\/em>2<br>Samstag von 10:45 bis 11:45<\/p>\n\n\n\n<p><strong>\u00d6rtlichkeit<\/strong><br>F\u00fcrther Umland<br>Bei unpassenden Wetter auch online m\u00f6glich<br><\/p>\n\n\n\n<p><strong>Gruppengr\u00f6\u00dfe<\/strong><br>max. 6 Mensch-Hunde-Teams<\/p>\n\n\n\n<p>Dein Hund sollte mindestens 9 Monate sein. Der Einstieg ist jederzeit nach einem kurzen Kennenlernen m\u00f6glich.<\/p>\n\n\n\n<p> Sicher dir schnell einen Platz in dieser Gruppe und schreibe mir unter Stichwort <strong>Kleinhunde-Gruppe<\/strong> eine Mail an<strong> anika@glassdogs.de <\/strong>oder noch Fragen<strong> 09101\/9025597<\/strong> <\/p>\n\n\n\n<div class=\"wp-block-image\"><figure class=\"alignright\"><img data-recalc-dims=\"1\" loading=\"lazy\" decoding=\"async\" width=\"1024\" height=\"682\" src=\"https:\/\/i0.wp.com\/www.glassdogs.de\/wp-content\/uploads\/2019\/03\/dog-2561134_1280.jpg?resize=1024%2C682&#038;ssl=1\" alt=\"\" class=\"wp-image-2732\" srcset=\"https:\/\/i0.wp.com\/www.glassdogs.de\/wp-content\/uploads\/2019\/03\/dog-2561134_1280.jpg?resize=1024%2C682&amp;ssl=1 1024w, https:\/\/i0.wp.com\/www.glassdogs.de\/wp-content\/uploads\/2019\/03\/dog-2561134_1280.jpg?resize=300%2C200&amp;ssl=1 300w, https:\/\/i0.wp.com\/www.glassdogs.de\/wp-content\/uploads\/2019\/03\/dog-2561134_1280.jpg?resize=768%2C512&amp;ssl=1 768w, https:\/\/i0.wp.com\/www.glassdogs.de\/wp-content\/uploads\/2019\/03\/dog-2561134_1280.jpg?w=1280&amp;ssl=1 1280w\" sizes=\"auto, (max-width: 1024px) 100vw, 1024px\" \/><\/figure><\/div>\n","protected":false},"excerpt":{"rendered":"<p>Hier sind alle Rassen willkommen die eine Schulterh\u00f6he von 40 cm nicht \u00fcbersteigen. In dieser Gruppe sind die Kleinhunderassen und deren Mixe unter sich und k\u00f6nnen stressfrei von einander und miteinander lernen, werden ihren Bed\u00fcrfnissen entsprechend gef\u00f6rdert und k\u00f6nnen zeigen was in ihnen steckt. Ein Kurs auf Augenh\u00f6he. In dieser Gruppe geht es um den [&hellip;]<\/p>\n","protected":false},"author":1,"featured_media":0,"parent":0,"menu_order":0,"comment_status":"closed","ping_status":"closed","template":"","meta":{"jetpack_post_was_ever_published":false,"footnotes":""},"class_list":["post-2644","page","type-page","status-publish","hentry"],"yoast_head":"<!-- This site is optimized with the Yoast SEO plugin v27.5 - https:\/\/yoast.com\/product\/yoast-seo-wordpress\/ -->\n<title>Kleinhunde Gruppe - GLASSDOGS<\/title>\n<meta name=\"robots\" content=\"index, follow, max-snippet:-1, max-image-preview:large, max-video-preview:-1\" \/>\n<link rel=\"canonical\" href=\"https:\/\/www.glassdogs.de\/?page_id=2644\" \/>\n<meta property=\"og:locale\" content=\"de_DE\" \/>\n<meta property=\"og:type\" content=\"article\" \/>\n<meta property=\"og:title\" content=\"Kleinhunde Gruppe - GLASSDOGS\" \/>\n<meta property=\"og:description\" content=\"Hier sind alle Rassen willkommen die eine Schulterh\u00f6he von 40 cm nicht \u00fcbersteigen. In dieser Gruppe sind die Kleinhunderassen und deren Mixe unter sich und k\u00f6nnen stressfrei von einander und miteinander lernen, werden ihren Bed\u00fcrfnissen entsprechend gef\u00f6rdert und k\u00f6nnen zeigen was in ihnen steckt. Ein Kurs auf Augenh\u00f6he. In dieser Gruppe geht es um den [&hellip;]\" \/>\n<meta property=\"og:url\" content=\"https:\/\/www.glassdogs.de\/?page_id=2644\" \/>\n<meta property=\"og:site_name\" content=\"GLASSDOGS\" \/>\n<meta property=\"article:modified_time\" content=\"2021-06-06T14:16:32+00:00\" \/>\n<meta property=\"og:image\" content=\"https:\/\/www.glassdogs.de\/wp-content\/uploads\/2019\/03\/dog-2561134_1280-1024x682.jpg\" \/>\n<meta name=\"twitter:card\" content=\"summary_large_image\" \/>\n<meta name=\"twitter:label1\" content=\"Gesch\u00e4tzte Lesezeit\" \/>\n\t<meta name=\"twitter:data1\" content=\"1\u00a0Minute\" \/>\n<script type=\"application\/ld+json\" class=\"yoast-schema-graph\">{\"@context\":\"https:\\\/\\\/schema.org\",\"@graph\":[{\"@type\":\"WebPage\",\"@id\":\"https:\\\/\\\/www.glassdogs.de\\\/?page_id=2644\",\"url\":\"https:\\\/\\\/www.glassdogs.de\\\/?page_id=2644\",\"name\":\"Kleinhunde Gruppe - GLASSDOGS\",\"isPartOf\":{\"@id\":\"https:\\\/\\\/www.glassdogs.de\\\/#website\"},\"primaryImageOfPage\":{\"@id\":\"https:\\\/\\\/www.glassdogs.de\\\/?page_id=2644#primaryimage\"},\"image\":{\"@id\":\"https:\\\/\\\/www.glassdogs.de\\\/?page_id=2644#primaryimage\"},\"thumbnailUrl\":\"https:\\\/\\\/www.glassdogs.de\\\/wp-content\\\/uploads\\\/2019\\\/03\\\/dog-2561134_1280-1024x682.jpg\",\"datePublished\":\"2019-03-16T21:17:48+00:00\",\"dateModified\":\"2021-06-06T14:16:32+00:00\",\"breadcrumb\":{\"@id\":\"https:\\\/\\\/www.glassdogs.de\\\/?page_id=2644#breadcrumb\"},\"inLanguage\":\"de\",\"potentialAction\":[{\"@type\":\"ReadAction\",\"target\":[\"https:\\\/\\\/www.glassdogs.de\\\/?page_id=2644\"]}]},{\"@type\":\"ImageObject\",\"inLanguage\":\"de\",\"@id\":\"https:\\\/\\\/www.glassdogs.de\\\/?page_id=2644#primaryimage\",\"url\":\"https:\\\/\\\/i0.wp.com\\\/www.glassdogs.de\\\/wp-content\\\/uploads\\\/2019\\\/03\\\/dog-2561134_1280.jpg?fit=1280%2C853&ssl=1\",\"contentUrl\":\"https:\\\/\\\/i0.wp.com\\\/www.glassdogs.de\\\/wp-content\\\/uploads\\\/2019\\\/03\\\/dog-2561134_1280.jpg?fit=1280%2C853&ssl=1\",\"width\":1280,\"height\":853},{\"@type\":\"BreadcrumbList\",\"@id\":\"https:\\\/\\\/www.glassdogs.de\\\/?page_id=2644#breadcrumb\",\"itemListElement\":[{\"@type\":\"ListItem\",\"position\":1,\"name\":\"Startseite\",\"item\":\"https:\\\/\\\/www.glassdogs.de\\\/\"},{\"@type\":\"ListItem\",\"position\":2,\"name\":\"Kleinhunde Gruppe\"}]},{\"@type\":\"WebSite\",\"@id\":\"https:\\\/\\\/www.glassdogs.de\\\/#website\",\"url\":\"https:\\\/\\\/www.glassdogs.de\\\/\",\"name\":\"GLASSDOGS\",\"description\":\"\",\"potentialAction\":[{\"@type\":\"SearchAction\",\"target\":{\"@type\":\"EntryPoint\",\"urlTemplate\":\"https:\\\/\\\/www.glassdogs.de\\\/?s={search_term_string}\"},\"query-input\":{\"@type\":\"PropertyValueSpecification\",\"valueRequired\":true,\"valueName\":\"search_term_string\"}}],\"inLanguage\":\"de\"}]}<\/script>\n<!-- \/ Yoast SEO plugin. -->","yoast_head_json":{"title":"Kleinhunde Gruppe - GLASSDOGS","robots":{"index":"index","follow":"follow","max-snippet":"max-snippet:-1","max-image-preview":"max-image-preview:large","max-video-preview":"max-video-preview:-1"},"canonical":"https:\/\/www.glassdogs.de\/?page_id=2644","og_locale":"de_DE","og_type":"article","og_title":"Kleinhunde Gruppe - GLASSDOGS","og_description":"Hier sind alle Rassen willkommen die eine Schulterh\u00f6he von 40 cm nicht \u00fcbersteigen. In dieser Gruppe sind die Kleinhunderassen und deren Mixe unter sich und k\u00f6nnen stressfrei von einander und miteinander lernen, werden ihren Bed\u00fcrfnissen entsprechend gef\u00f6rdert und k\u00f6nnen zeigen was in ihnen steckt. Ein Kurs auf Augenh\u00f6he. In dieser Gruppe geht es um den [&hellip;]","og_url":"https:\/\/www.glassdogs.de\/?page_id=2644","og_site_name":"GLASSDOGS","article_modified_time":"2021-06-06T14:16:32+00:00","og_image":[{"url":"https:\/\/www.glassdogs.de\/wp-content\/uploads\/2019\/03\/dog-2561134_1280-1024x682.jpg","type":"","width":"","height":""}],"twitter_card":"summary_large_image","twitter_misc":{"Gesch\u00e4tzte Lesezeit":"1\u00a0Minute"},"schema":{"@context":"https:\/\/schema.org","@graph":[{"@type":"WebPage","@id":"https:\/\/www.glassdogs.de\/?page_id=2644","url":"https:\/\/www.glassdogs.de\/?page_id=2644","name":"Kleinhunde Gruppe - GLASSDOGS","isPartOf":{"@id":"https:\/\/www.glassdogs.de\/#website"},"primaryImageOfPage":{"@id":"https:\/\/www.glassdogs.de\/?page_id=2644#primaryimage"},"image":{"@id":"https:\/\/www.glassdogs.de\/?page_id=2644#primaryimage"},"thumbnailUrl":"https:\/\/www.glassdogs.de\/wp-content\/uploads\/2019\/03\/dog-2561134_1280-1024x682.jpg","datePublished":"2019-03-16T21:17:48+00:00","dateModified":"2021-06-06T14:16:32+00:00","breadcrumb":{"@id":"https:\/\/www.glassdogs.de\/?page_id=2644#breadcrumb"},"inLanguage":"de","potentialAction":[{"@type":"ReadAction","target":["https:\/\/www.glassdogs.de\/?page_id=2644"]}]},{"@type":"ImageObject","inLanguage":"de","@id":"https:\/\/www.glassdogs.de\/?page_id=2644#primaryimage","url":"https:\/\/i0.wp.com\/www.glassdogs.de\/wp-content\/uploads\/2019\/03\/dog-2561134_1280.jpg?fit=1280%2C853&ssl=1","contentUrl":"https:\/\/i0.wp.com\/www.glassdogs.de\/wp-content\/uploads\/2019\/03\/dog-2561134_1280.jpg?fit=1280%2C853&ssl=1","width":1280,"height":853},{"@type":"BreadcrumbList","@id":"https:\/\/www.glassdogs.de\/?page_id=2644#breadcrumb","itemListElement":[{"@type":"ListItem","position":1,"name":"Startseite","item":"https:\/\/www.glassdogs.de\/"},{"@type":"ListItem","position":2,"name":"Kleinhunde Gruppe"}]},{"@type":"WebSite","@id":"https:\/\/www.glassdogs.de\/#website","url":"https:\/\/www.glassdogs.de\/","name":"GLASSDOGS","description":"","potentialAction":[{"@type":"SearchAction","target":{"@type":"EntryPoint","urlTemplate":"https:\/\/www.glassdogs.de\/?s={search_term_string}"},"query-input":{"@type":"PropertyValueSpecification","valueRequired":true,"valueName":"search_term_string"}}],"inLanguage":"de"}]}},"jetpack_sharing_enabled":true,"jetpack_shortlink":"https:\/\/wp.me\/P7Ryul-GE","_links":{"self":[{"href":"https:\/\/www.glassdogs.de\/index.php?rest_route=\/wp\/v2\/pages\/2644","targetHints":{"allow":["GET"]}}],"collection":[{"href":"https:\/\/www.glassdogs.de\/index.php?rest_route=\/wp\/v2\/pages"}],"about":[{"href":"https:\/\/www.glassdogs.de\/index.php?rest_route=\/wp\/v2\/types\/page"}],"author":[{"embeddable":true,"href":"https:\/\/www.glassdogs.de\/index.php?rest_route=\/wp\/v2\/users\/1"}],"replies":[{"embeddable":true,"href":"https:\/\/www.glassdogs.de\/index.php?rest_route=%2Fwp%2Fv2%2Fcomments&post=2644"}],"version-history":[{"count":47,"href":"https:\/\/www.glassdogs.de\/index.php?rest_route=\/wp\/v2\/pages\/2644\/revisions"}],"predecessor-version":[{"id":3872,"href":"https:\/\/www.glassdogs.de\/index.php?rest_route=\/wp\/v2\/pages\/2644\/revisions\/3872"}],"wp:attachment":[{"href":"https:\/\/www.glassdogs.de\/index.php?rest_route=%2Fwp%2Fv2%2Fmedia&parent=2644"}],"curies":[{"name":"wp","href":"https:\/\/api.w.org\/{rel}","templated":true}]}}