{"id":3327,"date":"2020-08-09T16:03:42","date_gmt":"2020-08-09T14:03:42","guid":{"rendered":"https:\/\/www.glassdogs.de\/?page_id=3327"},"modified":"2025-12-25T14:10:58","modified_gmt":"2025-12-25T13:10:58","slug":"fort-und-weiterbildungen","status":"publish","type":"page","link":"https:\/\/www.glassdogs.de\/?page_id=3327","title":{"rendered":"Mein Weg &amp; meine Qualifikationen"},"content":{"rendered":"\n<p>Ich arbeite nicht aus dem Bauch heraus \u2013 sondern auf Grundlage fundierter Ausbildungen, Spezialisierungen und \u00fcber 25 Jahren Erfahrung mit Hund und Mensch.<\/p>\n\n\n\n<h3 class=\"wp-block-heading\"><strong>\ud83d\udccc Grundqualifikation<\/strong><\/h3>\n\n\n\n<ul class=\"wp-block-list\">\n<li>Ausbildung zur Tierarzthelferin (1996\u20131998)<\/li>\n\n\n\n<li>8 Jahre Berufserfahrung in der Tierarztpraxis, Schwerpunkt Hom\u00f6opathie<\/li>\n\n\n\n<li>\u00a711 Sachkundequalifikation f\u00fcr Hundetraining (Tierschutzgesetz)<\/li>\n<\/ul>\n\n\n\n<h3 class=\"wp-block-heading\"><strong>\ud83c\udf93 Fachausbildungen<\/strong><\/h3>\n\n\n\n<ul class=\"wp-block-list\">\n<li>Hundegesundheitstrainerin (ATM)<\/li>\n\n\n\n<li>Sporthundetherapeutin (Dr. Sabine Mai)<\/li>\n\n\n\n<li>Typengest\u00fctztes Verhaltenstraining nach HSS\u00ae<\/li>\n\n\n\n<li>Pers\u00f6nlichkeitsanalyse nach HSS\u00ae<\/li>\n\n\n\n<li>Verhaltenspsychologie Hund HSS\u00ae<\/li>\n\n\n\n<li>Systemanalyse Mensch\u2013Hund HSS\u00ae<\/li>\n<\/ul>\n\n\n\n<h3 class=\"wp-block-heading\"><strong>\ud83e\udde0 Themenschwerpunkte<\/strong><\/h3>\n\n\n\n<ul class=\"wp-block-list\">\n<li>Hundepers\u00f6nlichkeit &amp; Verhalten<\/li>\n\n\n\n<li>Gesundheit, Stress &amp; Nervensystem<\/li>\n\n\n\n<li>K\u00f6rperarbeit &amp; Bewegung<\/li>\n\n\n\n<li>F\u00fchrung, Beziehung &amp; Kommunikation<\/li>\n\n\n\n<li>Sozialverhalten &amp; h\u00fcndische Interaktion<\/li>\n<\/ul>\n\n\n\n<h3 class=\"wp-block-heading\"><strong>\ud83d\udc69\u200d\ud83c\udfeb Fortbildungen bei Expert:innen<\/strong><\/h3>\n\n\n\n<p>Regelm\u00e4\u00dfige Seminare &amp; Workshops u. a. bei:<\/p>\n\n\n\n<p>Gan\u00dflo\u00dfer \u2022 Blaschke-Berthold \u2022 Feddersen-Petersen \u2022 Fischer \u2022<br>Mehl\/Strodtbeck \u2022 Aylin Notzon \u2022 Katrin Voigt \u2022 Easy Dogs \u2022 uvm.<\/p>\n\n\n\n<blockquote class=\"wp-block-quote is-layout-flow wp-block-quote-is-layout-flow\">\n<p>Weiterbildung ist f\u00fcr mich kein \u201eZusatz\u201c, sondern Grundhaltung.<br>Ich bilde mich jedes Jahr gezielt weiter \u2013 f\u00fcr klare Inhalte, sauberes Arbeiten<br>und Training ohne Druck, daf\u00fcr mit Verst\u00e4ndnis und Struktur.<\/p>\n\n\n\n<p><\/p>\n<\/blockquote>\n\n\n\n<h2 class=\"wp-block-heading\">\u2728 Was das f\u00fcr dich bedeutet<\/h2>\n\n\n\n<p><strong>Du bekommst Training, das\u2026<\/strong><\/p>\n\n\n\n<p>\u2713 fachlich fundiert ist \u2013 ohne veraltete Methoden<br>\u2713 Verhalten <em>verstehen<\/em> will, nicht nur ver\u00e4ndern<br>\u2713 k\u00f6rperliche, emotionale &amp; soziale Aspekte verbindet<br>\u2713 Hundepers\u00f6nlichkeiten respektiert, statt sie \u201eanzupassen\u201c<br>\u2713 dich st\u00e4rkt \u2013 nicht nur deinen Hund \u201eerzieht\u201c<\/p>\n\n\n\n<blockquote class=\"wp-block-quote is-layout-flow wp-block-quote-is-layout-flow\">\n<p><strong>Wissen gibt Sicherheit.<\/strong><br>Und Sicherheit schafft Verbindung.<\/p>\n\n\n\n<p><\/p>\n<\/blockquote>\n\n\n\n<p>\ud83d\udc49 <em>\u201eIch arbeite eng mit meiner Mitarbeiterin Sarah zusammen \u2013 sie befindet sich aktuell in der fundierten Ausbildung zum HSS\u00ae-Hundetrainer im Hundezentrum HSS\u00ae und bringt ihren eigenen feinen Blick f\u00fcr Mensch-Hund-Teams mit.\u201c<\/em><\/p>\n\n\n\n<p><\/p>\n\n\n\n<p><\/p>\n\n\n\n<p><\/p>\n\n\n\n<p><\/p>\n\n\n\n<p><\/p>\n\n\n\n<p><\/p>\n\n\n\n<p><\/p>\n\n\n\n<p><\/p>\n\n\n<div class=\"wp-block-image\">\n<figure class=\"aligncenter size-large\"><img data-recalc-dims=\"1\" loading=\"lazy\" decoding=\"async\" width=\"1024\" height=\"749\" src=\"https:\/\/i0.wp.com\/www.glassdogs.de\/wp-content\/uploads\/2019\/03\/received_10203340006778987.jpeg?resize=1024%2C749&#038;ssl=1\" alt=\"\" class=\"wp-image-2535\" srcset=\"https:\/\/i0.wp.com\/www.glassdogs.de\/wp-content\/uploads\/2019\/03\/received_10203340006778987.jpeg?resize=1024%2C749&amp;ssl=1 1024w, https:\/\/i0.wp.com\/www.glassdogs.de\/wp-content\/uploads\/2019\/03\/received_10203340006778987.jpeg?resize=300%2C219&amp;ssl=1 300w, https:\/\/i0.wp.com\/www.glassdogs.de\/wp-content\/uploads\/2019\/03\/received_10203340006778987.jpeg?resize=768%2C561&amp;ssl=1 768w, https:\/\/i0.wp.com\/www.glassdogs.de\/wp-content\/uploads\/2019\/03\/received_10203340006778987.jpeg?w=2048&amp;ssl=1 2048w\" sizes=\"auto, (max-width: 1024px) 100vw, 1024px\" \/><\/figure>\n<\/div>","protected":false},"excerpt":{"rendered":"<p>Ich arbeite nicht aus dem Bauch heraus \u2013 sondern auf Grundlage fundierter Ausbildungen, Spezialisierungen und \u00fcber 25 Jahren Erfahrung mit Hund und Mensch. \ud83d\udccc Grundqualifikation \ud83c\udf93 Fachausbildungen \ud83e\udde0 Themenschwerpunkte \ud83d\udc69\u200d\ud83c\udfeb Fortbildungen bei Expert:innen Regelm\u00e4\u00dfige Seminare &amp; Workshops u. a. bei: Gan\u00dflo\u00dfer \u2022 Blaschke-Berthold \u2022 Feddersen-Petersen \u2022 Fischer \u2022Mehl\/Strodtbeck \u2022 Aylin Notzon \u2022 Katrin Voigt \u2022 [&hellip;]<\/p>\n","protected":false},"author":1,"featured_media":0,"parent":0,"menu_order":0,"comment_status":"closed","ping_status":"closed","template":"","meta":{"jetpack_post_was_ever_published":false,"footnotes":""},"class_list":["post-3327","page","type-page","status-publish","hentry"],"yoast_head":"<!-- This site is optimized with the Yoast SEO plugin v27.5 - https:\/\/yoast.com\/product\/yoast-seo-wordpress\/ -->\n<title>Mein Weg &amp; meine Qualifikationen - GLASSDOGS<\/title>\n<meta name=\"robots\" content=\"index, follow, max-snippet:-1, max-image-preview:large, max-video-preview:-1\" \/>\n<link rel=\"canonical\" href=\"https:\/\/www.glassdogs.de\/?page_id=3327\" \/>\n<meta property=\"og:locale\" content=\"de_DE\" \/>\n<meta property=\"og:type\" content=\"article\" \/>\n<meta property=\"og:title\" content=\"Mein Weg &amp; meine Qualifikationen - GLASSDOGS\" \/>\n<meta property=\"og:description\" content=\"Ich arbeite nicht aus dem Bauch heraus \u2013 sondern auf Grundlage fundierter Ausbildungen, Spezialisierungen und \u00fcber 25 Jahren Erfahrung mit Hund und Mensch. \ud83d\udccc Grundqualifikation \ud83c\udf93 Fachausbildungen \ud83e\udde0 Themenschwerpunkte \ud83d\udc69\u200d\ud83c\udfeb Fortbildungen bei Expert:innen Regelm\u00e4\u00dfige Seminare &amp; Workshops u. a. bei: Gan\u00dflo\u00dfer \u2022 Blaschke-Berthold \u2022 Feddersen-Petersen \u2022 Fischer \u2022Mehl\/Strodtbeck \u2022 Aylin Notzon \u2022 Katrin Voigt \u2022 [&hellip;]\" \/>\n<meta property=\"og:url\" content=\"https:\/\/www.glassdogs.de\/?page_id=3327\" \/>\n<meta property=\"og:site_name\" content=\"GLASSDOGS\" \/>\n<meta property=\"article:modified_time\" content=\"2025-12-25T13:10:58+00:00\" \/>\n<meta property=\"og:image\" content=\"https:\/\/www.glassdogs.de\/wp-content\/uploads\/2019\/03\/received_10203340006778987-1024x749.jpeg\" \/>\n<meta name=\"twitter:card\" content=\"summary_large_image\" \/>\n<meta name=\"twitter:label1\" content=\"Gesch\u00e4tzte Lesezeit\" \/>\n\t<meta name=\"twitter:data1\" content=\"2\u00a0Minuten\" \/>\n<script type=\"application\/ld+json\" class=\"yoast-schema-graph\">{\"@context\":\"https:\\\/\\\/schema.org\",\"@graph\":[{\"@type\":\"WebPage\",\"@id\":\"https:\\\/\\\/www.glassdogs.de\\\/?page_id=3327\",\"url\":\"https:\\\/\\\/www.glassdogs.de\\\/?page_id=3327\",\"name\":\"Mein Weg &amp; meine Qualifikationen - GLASSDOGS\",\"isPartOf\":{\"@id\":\"https:\\\/\\\/www.glassdogs.de\\\/#website\"},\"primaryImageOfPage\":{\"@id\":\"https:\\\/\\\/www.glassdogs.de\\\/?page_id=3327#primaryimage\"},\"image\":{\"@id\":\"https:\\\/\\\/www.glassdogs.de\\\/?page_id=3327#primaryimage\"},\"thumbnailUrl\":\"https:\\\/\\\/www.glassdogs.de\\\/wp-content\\\/uploads\\\/2019\\\/03\\\/received_10203340006778987-1024x749.jpeg\",\"datePublished\":\"2020-08-09T14:03:42+00:00\",\"dateModified\":\"2025-12-25T13:10:58+00:00\",\"breadcrumb\":{\"@id\":\"https:\\\/\\\/www.glassdogs.de\\\/?page_id=3327#breadcrumb\"},\"inLanguage\":\"de\",\"potentialAction\":[{\"@type\":\"ReadAction\",\"target\":[\"https:\\\/\\\/www.glassdogs.de\\\/?page_id=3327\"]}]},{\"@type\":\"ImageObject\",\"inLanguage\":\"de\",\"@id\":\"https:\\\/\\\/www.glassdogs.de\\\/?page_id=3327#primaryimage\",\"url\":\"https:\\\/\\\/i0.wp.com\\\/www.glassdogs.de\\\/wp-content\\\/uploads\\\/2019\\\/03\\\/received_10203340006778987.jpeg?fit=2048%2C1497&ssl=1\",\"contentUrl\":\"https:\\\/\\\/i0.wp.com\\\/www.glassdogs.de\\\/wp-content\\\/uploads\\\/2019\\\/03\\\/received_10203340006778987.jpeg?fit=2048%2C1497&ssl=1\",\"width\":2048,\"height\":1497},{\"@type\":\"BreadcrumbList\",\"@id\":\"https:\\\/\\\/www.glassdogs.de\\\/?page_id=3327#breadcrumb\",\"itemListElement\":[{\"@type\":\"ListItem\",\"position\":1,\"name\":\"Startseite\",\"item\":\"https:\\\/\\\/www.glassdogs.de\\\/\"},{\"@type\":\"ListItem\",\"position\":2,\"name\":\"Mein Weg &amp; meine Qualifikationen\"}]},{\"@type\":\"WebSite\",\"@id\":\"https:\\\/\\\/www.glassdogs.de\\\/#website\",\"url\":\"https:\\\/\\\/www.glassdogs.de\\\/\",\"name\":\"GLASSDOGS\",\"description\":\"\",\"potentialAction\":[{\"@type\":\"SearchAction\",\"target\":{\"@type\":\"EntryPoint\",\"urlTemplate\":\"https:\\\/\\\/www.glassdogs.de\\\/?s={search_term_string}\"},\"query-input\":{\"@type\":\"PropertyValueSpecification\",\"valueRequired\":true,\"valueName\":\"search_term_string\"}}],\"inLanguage\":\"de\"}]}<\/script>\n<!-- \/ Yoast SEO plugin. -->","yoast_head_json":{"title":"Mein Weg &amp; meine Qualifikationen - GLASSDOGS","robots":{"index":"index","follow":"follow","max-snippet":"max-snippet:-1","max-image-preview":"max-image-preview:large","max-video-preview":"max-video-preview:-1"},"canonical":"https:\/\/www.glassdogs.de\/?page_id=3327","og_locale":"de_DE","og_type":"article","og_title":"Mein Weg &amp; meine Qualifikationen - GLASSDOGS","og_description":"Ich arbeite nicht aus dem Bauch heraus \u2013 sondern auf Grundlage fundierter Ausbildungen, Spezialisierungen und \u00fcber 25 Jahren Erfahrung mit Hund und Mensch. \ud83d\udccc Grundqualifikation \ud83c\udf93 Fachausbildungen \ud83e\udde0 Themenschwerpunkte \ud83d\udc69\u200d\ud83c\udfeb Fortbildungen bei Expert:innen Regelm\u00e4\u00dfige Seminare &amp; Workshops u. a. bei: Gan\u00dflo\u00dfer \u2022 Blaschke-Berthold \u2022 Feddersen-Petersen \u2022 Fischer \u2022Mehl\/Strodtbeck \u2022 Aylin Notzon \u2022 Katrin Voigt \u2022 [&hellip;]","og_url":"https:\/\/www.glassdogs.de\/?page_id=3327","og_site_name":"GLASSDOGS","article_modified_time":"2025-12-25T13:10:58+00:00","og_image":[{"url":"https:\/\/www.glassdogs.de\/wp-content\/uploads\/2019\/03\/received_10203340006778987-1024x749.jpeg","type":"","width":"","height":""}],"twitter_card":"summary_large_image","twitter_misc":{"Gesch\u00e4tzte Lesezeit":"2\u00a0Minuten"},"schema":{"@context":"https:\/\/schema.org","@graph":[{"@type":"WebPage","@id":"https:\/\/www.glassdogs.de\/?page_id=3327","url":"https:\/\/www.glassdogs.de\/?page_id=3327","name":"Mein Weg &amp; meine Qualifikationen - GLASSDOGS","isPartOf":{"@id":"https:\/\/www.glassdogs.de\/#website"},"primaryImageOfPage":{"@id":"https:\/\/www.glassdogs.de\/?page_id=3327#primaryimage"},"image":{"@id":"https:\/\/www.glassdogs.de\/?page_id=3327#primaryimage"},"thumbnailUrl":"https:\/\/www.glassdogs.de\/wp-content\/uploads\/2019\/03\/received_10203340006778987-1024x749.jpeg","datePublished":"2020-08-09T14:03:42+00:00","dateModified":"2025-12-25T13:10:58+00:00","breadcrumb":{"@id":"https:\/\/www.glassdogs.de\/?page_id=3327#breadcrumb"},"inLanguage":"de","potentialAction":[{"@type":"ReadAction","target":["https:\/\/www.glassdogs.de\/?page_id=3327"]}]},{"@type":"ImageObject","inLanguage":"de","@id":"https:\/\/www.glassdogs.de\/?page_id=3327#primaryimage","url":"https:\/\/i0.wp.com\/www.glassdogs.de\/wp-content\/uploads\/2019\/03\/received_10203340006778987.jpeg?fit=2048%2C1497&ssl=1","contentUrl":"https:\/\/i0.wp.com\/www.glassdogs.de\/wp-content\/uploads\/2019\/03\/received_10203340006778987.jpeg?fit=2048%2C1497&ssl=1","width":2048,"height":1497},{"@type":"BreadcrumbList","@id":"https:\/\/www.glassdogs.de\/?page_id=3327#breadcrumb","itemListElement":[{"@type":"ListItem","position":1,"name":"Startseite","item":"https:\/\/www.glassdogs.de\/"},{"@type":"ListItem","position":2,"name":"Mein Weg &amp; meine Qualifikationen"}]},{"@type":"WebSite","@id":"https:\/\/www.glassdogs.de\/#website","url":"https:\/\/www.glassdogs.de\/","name":"GLASSDOGS","description":"","potentialAction":[{"@type":"SearchAction","target":{"@type":"EntryPoint","urlTemplate":"https:\/\/www.glassdogs.de\/?s={search_term_string}"},"query-input":{"@type":"PropertyValueSpecification","valueRequired":true,"valueName":"search_term_string"}}],"inLanguage":"de"}]}},"jetpack_sharing_enabled":true,"jetpack_shortlink":"https:\/\/wp.me\/P7Ryul-RF","_links":{"self":[{"href":"https:\/\/www.glassdogs.de\/index.php?rest_route=\/wp\/v2\/pages\/3327","targetHints":{"allow":["GET"]}}],"collection":[{"href":"https:\/\/www.glassdogs.de\/index.php?rest_route=\/wp\/v2\/pages"}],"about":[{"href":"https:\/\/www.glassdogs.de\/index.php?rest_route=\/wp\/v2\/types\/page"}],"author":[{"embeddable":true,"href":"https:\/\/www.glassdogs.de\/index.php?rest_route=\/wp\/v2\/users\/1"}],"replies":[{"embeddable":true,"href":"https:\/\/www.glassdogs.de\/index.php?rest_route=%2Fwp%2Fv2%2Fcomments&post=3327"}],"version-history":[{"count":19,"href":"https:\/\/www.glassdogs.de\/index.php?rest_route=\/wp\/v2\/pages\/3327\/revisions"}],"predecessor-version":[{"id":5024,"href":"https:\/\/www.glassdogs.de\/index.php?rest_route=\/wp\/v2\/pages\/3327\/revisions\/5024"}],"wp:attachment":[{"href":"https:\/\/www.glassdogs.de\/index.php?rest_route=%2Fwp%2Fv2%2Fmedia&parent=3327"}],"curies":[{"name":"wp","href":"https:\/\/api.w.org\/{rel}","templated":true}]}}