{"id":4138,"date":"2023-05-29T11:42:47","date_gmt":"2023-05-29T09:42:47","guid":{"rendered":"https:\/\/www.glassdogs.de\/?page_id=4138"},"modified":"2024-05-07T19:54:28","modified_gmt":"2024-05-07T17:54:28","slug":"meine-hss-teamhunde","status":"publish","type":"page","link":"https:\/\/www.glassdogs.de\/?page_id=4138","title":{"rendered":"Meine HSS Mentorenhunde"},"content":{"rendered":"\n<p>Helfen uns die wahre Pers\u00f6nlichkeit eurer Hunde aufzudecken und unterst\u00fctzen danach begleitend eure Hunde immer mehr in ihre Mitte zu bekommen. Egal ob bei Unsicherheit bis hin zur \u00c4ngstlichkeit, Aggressionsverhalten, oder anderen Verhaltensproblemen. <\/p>\n\n\n\n<figure class=\"wp-block-image size-full\"><img data-recalc-dims=\"1\" loading=\"lazy\" decoding=\"async\" width=\"720\" height=\"960\" src=\"https:\/\/i0.wp.com\/www.glassdogs.de\/wp-content\/uploads\/2023\/05\/347590052_964858004947834_8175570092885695805_n-1.jpg?resize=720%2C960&#038;ssl=1\" alt=\"\" class=\"wp-image-4234\" srcset=\"https:\/\/i0.wp.com\/www.glassdogs.de\/wp-content\/uploads\/2023\/05\/347590052_964858004947834_8175570092885695805_n-1.jpg?w=720&amp;ssl=1 720w, https:\/\/i0.wp.com\/www.glassdogs.de\/wp-content\/uploads\/2023\/05\/347590052_964858004947834_8175570092885695805_n-1.jpg?resize=225%2C300&amp;ssl=1 225w\" sizes=\"auto, (max-width: 720px) 100vw, 720px\" \/><\/figure>\n","protected":false},"excerpt":{"rendered":"<p>Helfen uns die wahre Pers\u00f6nlichkeit eurer Hunde aufzudecken und unterst\u00fctzen danach begleitend eure Hunde immer mehr in ihre Mitte zu bekommen. Egal ob bei Unsicherheit bis hin zur \u00c4ngstlichkeit, Aggressionsverhalten, oder anderen Verhaltensproblemen.<\/p>\n","protected":false},"author":1,"featured_media":0,"parent":0,"menu_order":0,"comment_status":"closed","ping_status":"closed","template":"","meta":{"jetpack_post_was_ever_published":false,"footnotes":""},"class_list":["post-4138","page","type-page","status-publish","hentry"],"yoast_head":"<!-- This site is optimized with the Yoast SEO plugin v27.3 - https:\/\/yoast.com\/product\/yoast-seo-wordpress\/ -->\n<title>Meine HSS Mentorenhunde - GLASSDOGS<\/title>\n<meta name=\"robots\" content=\"index, follow, max-snippet:-1, max-image-preview:large, max-video-preview:-1\" \/>\n<link rel=\"canonical\" href=\"https:\/\/www.glassdogs.de\/?page_id=4138\" \/>\n<meta property=\"og:locale\" content=\"de_DE\" \/>\n<meta property=\"og:type\" content=\"article\" \/>\n<meta property=\"og:title\" content=\"Meine HSS Mentorenhunde - GLASSDOGS\" \/>\n<meta property=\"og:description\" content=\"Helfen uns die wahre Pers\u00f6nlichkeit eurer Hunde aufzudecken und unterst\u00fctzen danach begleitend eure Hunde immer mehr in ihre Mitte zu bekommen. Egal ob bei Unsicherheit bis hin zur \u00c4ngstlichkeit, Aggressionsverhalten, oder anderen Verhaltensproblemen.\" \/>\n<meta property=\"og:url\" content=\"https:\/\/www.glassdogs.de\/?page_id=4138\" \/>\n<meta property=\"og:site_name\" content=\"GLASSDOGS\" \/>\n<meta property=\"article:modified_time\" content=\"2024-05-07T17:54:28+00:00\" \/>\n<meta property=\"og:image\" content=\"https:\/\/www.glassdogs.de\/wp-content\/uploads\/2023\/05\/347590052_964858004947834_8175570092885695805_n-1.jpg\" \/>\n<meta name=\"twitter:card\" content=\"summary_large_image\" \/>\n<meta name=\"twitter:label1\" content=\"Gesch\u00e4tzte Lesezeit\" \/>\n\t<meta name=\"twitter:data1\" content=\"1\u00a0Minute\" \/>\n<script type=\"application\/ld+json\" class=\"yoast-schema-graph\">{\"@context\":\"https:\\\/\\\/schema.org\",\"@graph\":[{\"@type\":\"WebPage\",\"@id\":\"https:\\\/\\\/www.glassdogs.de\\\/?page_id=4138\",\"url\":\"https:\\\/\\\/www.glassdogs.de\\\/?page_id=4138\",\"name\":\"Meine HSS Mentorenhunde - GLASSDOGS\",\"isPartOf\":{\"@id\":\"https:\\\/\\\/www.glassdogs.de\\\/#website\"},\"primaryImageOfPage\":{\"@id\":\"https:\\\/\\\/www.glassdogs.de\\\/?page_id=4138#primaryimage\"},\"image\":{\"@id\":\"https:\\\/\\\/www.glassdogs.de\\\/?page_id=4138#primaryimage\"},\"thumbnailUrl\":\"https:\\\/\\\/www.glassdogs.de\\\/wp-content\\\/uploads\\\/2023\\\/05\\\/347590052_964858004947834_8175570092885695805_n-1.jpg\",\"datePublished\":\"2023-05-29T09:42:47+00:00\",\"dateModified\":\"2024-05-07T17:54:28+00:00\",\"breadcrumb\":{\"@id\":\"https:\\\/\\\/www.glassdogs.de\\\/?page_id=4138#breadcrumb\"},\"inLanguage\":\"de\",\"potentialAction\":[{\"@type\":\"ReadAction\",\"target\":[\"https:\\\/\\\/www.glassdogs.de\\\/?page_id=4138\"]}]},{\"@type\":\"ImageObject\",\"inLanguage\":\"de\",\"@id\":\"https:\\\/\\\/www.glassdogs.de\\\/?page_id=4138#primaryimage\",\"url\":\"https:\\\/\\\/i0.wp.com\\\/www.glassdogs.de\\\/wp-content\\\/uploads\\\/2023\\\/05\\\/347590052_964858004947834_8175570092885695805_n-1.jpg?fit=720%2C960&ssl=1\",\"contentUrl\":\"https:\\\/\\\/i0.wp.com\\\/www.glassdogs.de\\\/wp-content\\\/uploads\\\/2023\\\/05\\\/347590052_964858004947834_8175570092885695805_n-1.jpg?fit=720%2C960&ssl=1\",\"width\":720,\"height\":960},{\"@type\":\"BreadcrumbList\",\"@id\":\"https:\\\/\\\/www.glassdogs.de\\\/?page_id=4138#breadcrumb\",\"itemListElement\":[{\"@type\":\"ListItem\",\"position\":1,\"name\":\"Startseite\",\"item\":\"https:\\\/\\\/www.glassdogs.de\\\/\"},{\"@type\":\"ListItem\",\"position\":2,\"name\":\"Meine HSS Mentorenhunde\"}]},{\"@type\":\"WebSite\",\"@id\":\"https:\\\/\\\/www.glassdogs.de\\\/#website\",\"url\":\"https:\\\/\\\/www.glassdogs.de\\\/\",\"name\":\"GLASSDOGS\",\"description\":\"\",\"potentialAction\":[{\"@type\":\"SearchAction\",\"target\":{\"@type\":\"EntryPoint\",\"urlTemplate\":\"https:\\\/\\\/www.glassdogs.de\\\/?s={search_term_string}\"},\"query-input\":{\"@type\":\"PropertyValueSpecification\",\"valueRequired\":true,\"valueName\":\"search_term_string\"}}],\"inLanguage\":\"de\"}]}<\/script>\n<!-- \/ Yoast SEO plugin. -->","yoast_head_json":{"title":"Meine HSS Mentorenhunde - GLASSDOGS","robots":{"index":"index","follow":"follow","max-snippet":"max-snippet:-1","max-image-preview":"max-image-preview:large","max-video-preview":"max-video-preview:-1"},"canonical":"https:\/\/www.glassdogs.de\/?page_id=4138","og_locale":"de_DE","og_type":"article","og_title":"Meine HSS Mentorenhunde - GLASSDOGS","og_description":"Helfen uns die wahre Pers\u00f6nlichkeit eurer Hunde aufzudecken und unterst\u00fctzen danach begleitend eure Hunde immer mehr in ihre Mitte zu bekommen. Egal ob bei Unsicherheit bis hin zur \u00c4ngstlichkeit, Aggressionsverhalten, oder anderen Verhaltensproblemen.","og_url":"https:\/\/www.glassdogs.de\/?page_id=4138","og_site_name":"GLASSDOGS","article_modified_time":"2024-05-07T17:54:28+00:00","og_image":[{"url":"https:\/\/www.glassdogs.de\/wp-content\/uploads\/2023\/05\/347590052_964858004947834_8175570092885695805_n-1.jpg","type":"","width":"","height":""}],"twitter_card":"summary_large_image","twitter_misc":{"Gesch\u00e4tzte Lesezeit":"1\u00a0Minute"},"schema":{"@context":"https:\/\/schema.org","@graph":[{"@type":"WebPage","@id":"https:\/\/www.glassdogs.de\/?page_id=4138","url":"https:\/\/www.glassdogs.de\/?page_id=4138","name":"Meine HSS Mentorenhunde - GLASSDOGS","isPartOf":{"@id":"https:\/\/www.glassdogs.de\/#website"},"primaryImageOfPage":{"@id":"https:\/\/www.glassdogs.de\/?page_id=4138#primaryimage"},"image":{"@id":"https:\/\/www.glassdogs.de\/?page_id=4138#primaryimage"},"thumbnailUrl":"https:\/\/www.glassdogs.de\/wp-content\/uploads\/2023\/05\/347590052_964858004947834_8175570092885695805_n-1.jpg","datePublished":"2023-05-29T09:42:47+00:00","dateModified":"2024-05-07T17:54:28+00:00","breadcrumb":{"@id":"https:\/\/www.glassdogs.de\/?page_id=4138#breadcrumb"},"inLanguage":"de","potentialAction":[{"@type":"ReadAction","target":["https:\/\/www.glassdogs.de\/?page_id=4138"]}]},{"@type":"ImageObject","inLanguage":"de","@id":"https:\/\/www.glassdogs.de\/?page_id=4138#primaryimage","url":"https:\/\/i0.wp.com\/www.glassdogs.de\/wp-content\/uploads\/2023\/05\/347590052_964858004947834_8175570092885695805_n-1.jpg?fit=720%2C960&ssl=1","contentUrl":"https:\/\/i0.wp.com\/www.glassdogs.de\/wp-content\/uploads\/2023\/05\/347590052_964858004947834_8175570092885695805_n-1.jpg?fit=720%2C960&ssl=1","width":720,"height":960},{"@type":"BreadcrumbList","@id":"https:\/\/www.glassdogs.de\/?page_id=4138#breadcrumb","itemListElement":[{"@type":"ListItem","position":1,"name":"Startseite","item":"https:\/\/www.glassdogs.de\/"},{"@type":"ListItem","position":2,"name":"Meine HSS Mentorenhunde"}]},{"@type":"WebSite","@id":"https:\/\/www.glassdogs.de\/#website","url":"https:\/\/www.glassdogs.de\/","name":"GLASSDOGS","description":"","potentialAction":[{"@type":"SearchAction","target":{"@type":"EntryPoint","urlTemplate":"https:\/\/www.glassdogs.de\/?s={search_term_string}"},"query-input":{"@type":"PropertyValueSpecification","valueRequired":true,"valueName":"search_term_string"}}],"inLanguage":"de"}]}},"jetpack_sharing_enabled":true,"jetpack_shortlink":"https:\/\/wp.me\/P7Ryul-14K","_links":{"self":[{"href":"https:\/\/www.glassdogs.de\/index.php?rest_route=\/wp\/v2\/pages\/4138","targetHints":{"allow":["GET"]}}],"collection":[{"href":"https:\/\/www.glassdogs.de\/index.php?rest_route=\/wp\/v2\/pages"}],"about":[{"href":"https:\/\/www.glassdogs.de\/index.php?rest_route=\/wp\/v2\/types\/page"}],"author":[{"embeddable":true,"href":"https:\/\/www.glassdogs.de\/index.php?rest_route=\/wp\/v2\/users\/1"}],"replies":[{"embeddable":true,"href":"https:\/\/www.glassdogs.de\/index.php?rest_route=%2Fwp%2Fv2%2Fcomments&post=4138"}],"version-history":[{"count":3,"href":"https:\/\/www.glassdogs.de\/index.php?rest_route=\/wp\/v2\/pages\/4138\/revisions"}],"predecessor-version":[{"id":4404,"href":"https:\/\/www.glassdogs.de\/index.php?rest_route=\/wp\/v2\/pages\/4138\/revisions\/4404"}],"wp:attachment":[{"href":"https:\/\/www.glassdogs.de\/index.php?rest_route=%2Fwp%2Fv2%2Fmedia&parent=4138"}],"curies":[{"name":"wp","href":"https:\/\/api.w.org\/{rel}","templated":true}]}}