{"id":4689,"date":"2025-05-03T16:43:52","date_gmt":"2025-05-03T14:43:52","guid":{"rendered":"https:\/\/www.glassdogs.de\/?page_id=4689"},"modified":"2025-11-15T16:06:04","modified_gmt":"2025-11-15T15:06:04","slug":"ueber-uns","status":"publish","type":"page","link":"https:\/\/www.glassdogs.de\/?page_id=4689","title":{"rendered":"\u00dcber uns"},"content":{"rendered":"\n<h2 class=\"wp-block-heading\"><\/h2>\n\n\n\n<p class=\"has-text-align-center\">Ich bin Anika Gla\u00df, Jahrgang 78 \u2013 Hundetrainerin, Coach, Gesundheitsberaterin und Inhaberin von Hundegesundheitstraining Glassdogs. Ich glaube an echte Verbindung \u2013 zwischen Mensch und Hund, aber auch zu sich selbst.<\/p>\n\n\n\n<p class=\"has-text-align-center\">Ich bin waschechte Fr\u00e4nkin, verheiratet, freiheitsliebend, bekennende Veganerin, liebe die Natur, das Wandern, gute Gespr\u00e4che, Tanzen, die Stille und lebe f\u00fcr Weiterentwicklung.<\/p>\n\n\n\n<p class=\"has-text-align-center\">Mit Herz, Verstand und einem feinen Blick f\u00fcr das Wesentliche begleite ich dich und deinen Hund \u2013 individuell, empathisch und fernab von Standartmethoden. Unterst\u00fctzt werde ich von meiner gro\u00dfartigen Mitarbeiterin Sarah und meinen wunderbaren Teamhunden \u2013 sie spiegeln, unterst\u00fctzen und helfen dabei, tief liegende Themen sichtbar zu machen \u2013 und sto\u00dfen dabei sehr wirkungsvoll Prozesse an.<\/p>\n\n\n<div class=\"wp-block-image\">\n<figure class=\"aligncenter size-full\"><img data-recalc-dims=\"1\" loading=\"lazy\" decoding=\"async\" width=\"526\" height=\"526\" src=\"https:\/\/i0.wp.com\/www.glassdogs.de\/wp-content\/uploads\/2025\/11\/Kennenlerntermin.jpg?resize=526%2C526&#038;ssl=1\" alt=\"\" class=\"wp-image-4869\" srcset=\"https:\/\/i0.wp.com\/www.glassdogs.de\/wp-content\/uploads\/2025\/11\/Kennenlerntermin.jpg?w=526&amp;ssl=1 526w, https:\/\/i0.wp.com\/www.glassdogs.de\/wp-content\/uploads\/2025\/11\/Kennenlerntermin.jpg?resize=300%2C300&amp;ssl=1 300w, https:\/\/i0.wp.com\/www.glassdogs.de\/wp-content\/uploads\/2025\/11\/Kennenlerntermin.jpg?resize=150%2C150&amp;ssl=1 150w\" sizes=\"auto, (max-width: 526px) 100vw, 526px\" \/><\/figure>\n<\/div>\n\n\n<p><\/p>\n\n\n\n<p class=\"has-text-align-center\">Mit Sarah an meiner Seite habe ich nicht nur eine Trainerin gefunden, sondern eine echte Wegbegleiterin. Sie sieht das feine Zusammenspiel zwischen Mensch und Hund \u2013 erkennt, wo es hakt, und bringt mit Klarheit und Feingef\u00fchl Bewegung ins System. Ihre ruhige, warme Art schafft Vertrauen, ihre ehrlichen Impulse er\u00f6ffnen neue Perspektiven. Sarah stellt die richtigen Fragen, legt den Finger sanft in die Wunde \u2013 immer mit dem Ziel, nachhaltige Ver\u00e4nderung zu erm\u00f6glichen. Wer echtes Wachstum im Mensch-Hund-Team sucht, ist bei ihr genau richtig.<\/p>\n\n\n<div class=\"wp-block-image\">\n<figure class=\"aligncenter size-large\"><img data-recalc-dims=\"1\" loading=\"lazy\" decoding=\"async\" width=\"1024\" height=\"734\" src=\"https:\/\/i0.wp.com\/www.glassdogs.de\/wp-content\/uploads\/2025\/11\/Denker-2.jpg?resize=1024%2C734&#038;ssl=1\" alt=\"\" class=\"wp-image-4870\" srcset=\"https:\/\/i0.wp.com\/www.glassdogs.de\/wp-content\/uploads\/2025\/11\/Denker-2-scaled.jpg?resize=1024%2C734&amp;ssl=1 1024w, https:\/\/i0.wp.com\/www.glassdogs.de\/wp-content\/uploads\/2025\/11\/Denker-2-scaled.jpg?resize=300%2C215&amp;ssl=1 300w, https:\/\/i0.wp.com\/www.glassdogs.de\/wp-content\/uploads\/2025\/11\/Denker-2-scaled.jpg?resize=768%2C550&amp;ssl=1 768w, https:\/\/i0.wp.com\/www.glassdogs.de\/wp-content\/uploads\/2025\/11\/Denker-2-scaled.jpg?resize=1536%2C1101&amp;ssl=1 1536w, https:\/\/i0.wp.com\/www.glassdogs.de\/wp-content\/uploads\/2025\/11\/Denker-2-scaled.jpg?resize=2048%2C1468&amp;ssl=1 2048w, https:\/\/i0.wp.com\/www.glassdogs.de\/wp-content\/uploads\/2025\/11\/Denker-2-scaled.jpg?w=2120&amp;ssl=1 2120w\" sizes=\"auto, (max-width: 1024px) 100vw, 1024px\" \/><\/figure>\n<\/div>\n\n\n<p><\/p>\n\n\n\n<p class=\"has-text-align-center\"><strong>Was uns als Team ausmacht?<\/strong><br>Leichtigkeit &amp; Tiefe, Diplomatie &amp; Direktheit, Begeisterung &amp; Reflexion. Wir erg\u00e4nzen uns, fordern uns \u2013 und wachsen daran. Immer mit dem Ziel: Echte Verbindung schaffen<\/p>\n\n\n\n<p class=\"has-text-align-center\">Als selbst\u00e4ndige Lizenznehmerin bringen wir das bew\u00e4hrte HSS\u00ae- Konzept f\u00fcr ganzheitliches Hundetraining, Typengest\u00fctztes Verhaltenstraining und Pers\u00f6nlichkeitsanalyse zu dir \u2013 individuell, empathisch und fachlich fundiert.<\/p>\n\n\n\n<p class=\"has-text-align-center\"><strong>Mein Leben mit meinen Hunden \u2013 eine Reise voller Liebe, Lernen und tiefer Verbindung. Jeder einzelne Hund an meiner Seite war (und ist) einzigartig \u2013 mit eigener Pers\u00f6nlichkeit, Geschichte und Seelenfarbe.<\/strong><\/p>\n\n\n\n<ul class=\"wp-block-list\">\n<li>Leyla- JRT-Dackel-Mix, meine kleine, fr\u00f6hliche Einzelprinzessin. Sensibel, lebendig und voller Begeisterung wollte sie immer alles richtig machen. Mein Schatten mit gro\u00dfem Herzen \u2013 sie hat mich gelehrt, Geduld zu haben. *<em>Botschafterin<\/em><\/li>\n\n\n\n<li>Mira \u2013 Galgo-Mix, feinf\u00fchlig, \u00e4ngstlich und weise. Sie heilte Hunde allein durch ihre stille Pr\u00e4senz. Sie lehrte mich, \u00fcber K\u00f6rpersprache hinaus zu f\u00fchlen, und wurde so zu meiner gr\u00f6\u00dften Lehrerin \u2013 eine wahre *<em>Vision\u00e4rin.<\/em><\/li>\n\n\n\n<li>Bonny \u2013 unsere Grand Madame. Still, w\u00fcrdevoll und entschlossen, wenn sie \u00fcberzeugt war. Sie liebte Routinen und trug eine nat\u00fcrliche Autorit\u00e4t in sich \u2013 eine stille K\u00f6nigin, die Ruhe und Respekt ausstrahlte. *<em>Vision\u00e4rin<\/em><\/li>\n\n\n\n<li>Morgan \u2013 Galgo-Mix, sanft, wachsam und tief verbunden. Er war mein schwarzer Ritter mit gro\u00dfem Herzen und lehrte mich, dass Vertrauen Mut erfordert. *<em>Unterst\u00fctzer<\/em><\/li>\n<\/ul>\n\n\n\n<p class=\"has-text-align-center\">Gemeinsam waren sie unser \u201eGl\u00fcckskleeblatt\u201c. Nun leben sie in meinen Erinnerungen weiter \u2013 geliebt, unvergessen.<\/p>\n\n\n<div class=\"wp-block-image\">\n<figure class=\"aligncenter size-full\"><img data-recalc-dims=\"1\" loading=\"lazy\" decoding=\"async\" width=\"956\" height=\"959\" src=\"https:\/\/i0.wp.com\/www.glassdogs.de\/wp-content\/uploads\/2025\/11\/Mehrhundehaltung-1-FB-Gruppe.jpg?resize=956%2C959&#038;ssl=1\" alt=\"\" class=\"wp-image-4871\" srcset=\"https:\/\/i0.wp.com\/www.glassdogs.de\/wp-content\/uploads\/2025\/11\/Mehrhundehaltung-1-FB-Gruppe.jpg?w=956&amp;ssl=1 956w, https:\/\/i0.wp.com\/www.glassdogs.de\/wp-content\/uploads\/2025\/11\/Mehrhundehaltung-1-FB-Gruppe.jpg?resize=300%2C300&amp;ssl=1 300w, https:\/\/i0.wp.com\/www.glassdogs.de\/wp-content\/uploads\/2025\/11\/Mehrhundehaltung-1-FB-Gruppe.jpg?resize=150%2C150&amp;ssl=1 150w, https:\/\/i0.wp.com\/www.glassdogs.de\/wp-content\/uploads\/2025\/11\/Mehrhundehaltung-1-FB-Gruppe.jpg?resize=768%2C770&amp;ssl=1 768w\" sizes=\"auto, (max-width: 956px) 100vw, 956px\" \/><\/figure>\n<\/div>\n\n\n<p><\/p>\n\n\n\n<p class=\"has-text-align-center\">Heute begleitet mich Joe * <em>Eroberer <\/em>\u2013 Osteurop\u00e4ischer-Deutscher-Sch\u00e4ferhund. Ein fr\u00f6hlicher, sensibler Riese mit wildem Herz, starkem Schutzinstinkt und klarer Meinung, steht er fest im Leben \u2013 unverr\u00fcckbar in dem, was er f\u00fchlt. Er erinnert mich t\u00e4glich an die Balance zwischen Klarheit und Sanftheit und f\u00fcllt unser Leben mit Freude, Lebendigkeit und tiefer Liebe. <\/p>\n\n\n\n<p><\/p>\n\n\n<div class=\"wp-block-image\">\n<figure class=\"aligncenter size-large\"><img data-recalc-dims=\"1\" loading=\"lazy\" decoding=\"async\" width=\"1024\" height=\"683\" src=\"https:\/\/i0.wp.com\/www.glassdogs.de\/wp-content\/uploads\/2025\/11\/DSC_2668-1.jpg?resize=1024%2C683&#038;ssl=1\" alt=\"\" class=\"wp-image-4872\" srcset=\"https:\/\/i0.wp.com\/www.glassdogs.de\/wp-content\/uploads\/2025\/11\/DSC_2668-1-scaled.jpg?resize=1024%2C683&amp;ssl=1 1024w, https:\/\/i0.wp.com\/www.glassdogs.de\/wp-content\/uploads\/2025\/11\/DSC_2668-1-scaled.jpg?resize=300%2C200&amp;ssl=1 300w, https:\/\/i0.wp.com\/www.glassdogs.de\/wp-content\/uploads\/2025\/11\/DSC_2668-1-scaled.jpg?resize=768%2C512&amp;ssl=1 768w, https:\/\/i0.wp.com\/www.glassdogs.de\/wp-content\/uploads\/2025\/11\/DSC_2668-1-scaled.jpg?resize=1536%2C1024&amp;ssl=1 1536w, https:\/\/i0.wp.com\/www.glassdogs.de\/wp-content\/uploads\/2025\/11\/DSC_2668-1-scaled.jpg?resize=2048%2C1365&amp;ssl=1 2048w, https:\/\/i0.wp.com\/www.glassdogs.de\/wp-content\/uploads\/2025\/11\/DSC_2668-1-scaled.jpg?w=2120&amp;ssl=1 2120w\" sizes=\"auto, (max-width: 1024px) 100vw, 1024px\" \/><\/figure>\n<\/div>\n\n\n<p><\/p>\n\n\n\n<p class=\"has-text-align-center\">Jeder dieser Hunde hat mein Leben bereichert, mich wachsen lassen \u2013 und mich genau zu der gemacht, die ich heute bin.<\/p>\n\n\n\n<p class=\"has-text-align-center\">Anika<\/p>\n\n\n\n<p><\/p>\n\n\n\n<p class=\"has-text-align-center\"><strong>Sarah und ihre beiden Hunde<\/strong><\/p>\n\n\n\n<p class=\"has-text-align-center\">Waika \u2013 meine Seelenleserin auf vier Pfoten<\/p>\n\n\n\n<p class=\"has-text-align-center\">Waika ist eine H\u00fcndin, die man nicht einfach beschreibt \u2013 man f\u00fchlt sie. \u00c4u\u00dferlich sehr w\u00fcrdevoll, innerlich klug und voller Tiefe. Eine die nicht nur an meiner Seite geht, sondern tief in mir wohnt. Ihr Blick geht durch mich hindurch \u2013 als w\u00fcrde sie jedes Gef\u00fchl, jede Regung erkennen, noch bevor ich sie selbst begreife. Und nicht nur bei mir: Waika hat die Gabe, auch andere Hunde zu \u201elesen\u201c. Sie begegnet ihnen mit Klarheit, Ruhe und einer beeindruckenden Pr\u00e4senz, die wirkt.<\/p>\n\n\n\n<p class=\"has-text-align-center\"><em>\u201eDu kamst zu mir aus einer Welt, die dich nicht gesehen hat und gibst mir und all den Hunden so viel. Du erkennst sie, bevor sie sich zeigen. Du gibst Halt, Raum, Klarheit \u2013 mit einer Pr\u00e4senz, die so leise und gleichzeitig so kraftvoll ist. Waika du bist mein Kompass. Ich liebe dich f\u00fcr alles, was du bist. Du bist mein Seelenhund, weil du mich erkennst, so wie ich bin.\u201c<\/em><\/p>\n\n\n\n<p class=\"has-text-align-center\">*Sch\u00e4ferh\u00fcndin, Vision\u00e4rin<\/p>\n\n\n<div class=\"wp-block-image\">\n<figure class=\"aligncenter size-full\"><img data-recalc-dims=\"1\" loading=\"lazy\" decoding=\"async\" width=\"1024\" height=\"719\" src=\"https:\/\/i0.wp.com\/www.glassdogs.de\/wp-content\/uploads\/2025\/11\/Waika.webp?resize=1024%2C719&#038;ssl=1\" alt=\"\" class=\"wp-image-4873\" srcset=\"https:\/\/i0.wp.com\/www.glassdogs.de\/wp-content\/uploads\/2025\/11\/Waika.webp?w=1024&amp;ssl=1 1024w, https:\/\/i0.wp.com\/www.glassdogs.de\/wp-content\/uploads\/2025\/11\/Waika.webp?resize=300%2C211&amp;ssl=1 300w, https:\/\/i0.wp.com\/www.glassdogs.de\/wp-content\/uploads\/2025\/11\/Waika.webp?resize=768%2C539&amp;ssl=1 768w\" sizes=\"auto, (max-width: 1024px) 100vw, 1024px\" \/><\/figure>\n<\/div>\n\n\n<p><\/p>\n\n\n\n<p class=\"has-text-align-center\"><strong>Mein Zizou, mein Herz<\/strong><\/p>\n\n\n\n<p class=\"has-text-align-center\">Zizou ist ein sehr feinf\u00fchliger und gleichzeitig eigenst\u00e4ndiger R\u00fcde mit einem ausgepr\u00e4gten Jagdinstinkt. Seine Herkunft als Bracken-Mix aus Bulgarien pr\u00e4gt sein Verhalten stark \u2013 und damit musste ich erstmal lernen umzugehen. &nbsp;<\/p>\n\n\n\n<p class=\"has-text-align-center\"><em>\u201eDu bist nicht immer einfach \u2013 aber du bist immer echt. Du bist ehrlich, stolz, sensibel. Du bringst mich zum Lachen, zum Fluchen, zum Staunen.<\/em><br><em>Zizou, du bist mein Abenteurer. Mein Lehrer. Mein Zuhause.<\/em><br><em>Ich liebe dich \u2013 genauso wie du bist.\u201c<\/em><\/p>\n\n\n\n<p class=\"has-text-align-center\">Zizou ist mein Herzenshund mit unwiderstehlichem Charme \u2013 ein Blick von ihm gen\u00fcgt, und ich bin verloren. * Unterst\u00fctzer<\/p>\n\n\n<div class=\"wp-block-image\">\n<figure class=\"aligncenter size-large\"><img data-recalc-dims=\"1\" loading=\"lazy\" decoding=\"async\" width=\"472\" height=\"1024\" src=\"https:\/\/i0.wp.com\/www.glassdogs.de\/wp-content\/uploads\/2025\/11\/WhatsApp-Image-2025-11-14-at-14.54.23.jpeg?resize=472%2C1024&#038;ssl=1\" alt=\"\" class=\"wp-image-4879\" srcset=\"https:\/\/i0.wp.com\/www.glassdogs.de\/wp-content\/uploads\/2025\/11\/WhatsApp-Image-2025-11-14-at-14.54.23.jpeg?resize=472%2C1024&amp;ssl=1 472w, https:\/\/i0.wp.com\/www.glassdogs.de\/wp-content\/uploads\/2025\/11\/WhatsApp-Image-2025-11-14-at-14.54.23.jpeg?resize=138%2C300&amp;ssl=1 138w, https:\/\/i0.wp.com\/www.glassdogs.de\/wp-content\/uploads\/2025\/11\/WhatsApp-Image-2025-11-14-at-14.54.23.jpeg?resize=708%2C1536&amp;ssl=1 708w, https:\/\/i0.wp.com\/www.glassdogs.de\/wp-content\/uploads\/2025\/11\/WhatsApp-Image-2025-11-14-at-14.54.23.jpeg?w=738&amp;ssl=1 738w\" sizes=\"auto, (max-width: 472px) 100vw, 472px\" \/><\/figure>\n<\/div>\n\n\n<p><\/p>\n\n\n\n<p class=\"has-text-align-center\">Wir freuen uns auf euch.<br>Anika, Sarah und das Team von HGT Glassdogs<\/p>\n\n\n\n<p class=\"has-text-align-center\">Glassdogs \u2013 f\u00fcr ein Miteinander, das verbindet.<\/p>\n\n\n\n<p><\/p>\n","protected":false},"excerpt":{"rendered":"<p>Ich bin Anika Gla\u00df, Jahrgang 78 \u2013 Hundetrainerin, Coach, Gesundheitsberaterin und Inhaberin von Hundegesundheitstraining Glassdogs. Ich glaube an echte Verbindung \u2013 zwischen Mensch und Hund, aber auch zu sich selbst. Ich bin waschechte Fr\u00e4nkin, verheiratet, freiheitsliebend, bekennende Veganerin, liebe die Natur, das Wandern, gute Gespr\u00e4che, Tanzen, die Stille und lebe f\u00fcr Weiterentwicklung. Mit Herz, Verstand [&hellip;]<\/p>\n","protected":false},"author":1,"featured_media":0,"parent":0,"menu_order":0,"comment_status":"closed","ping_status":"closed","template":"","meta":{"jetpack_post_was_ever_published":false,"footnotes":""},"class_list":["post-4689","page","type-page","status-publish","hentry"],"yoast_head":"<!-- This site is optimized with the Yoast SEO plugin v27.5 - https:\/\/yoast.com\/product\/yoast-seo-wordpress\/ -->\n<title>\u00dcber uns - GLASSDOGS<\/title>\n<meta name=\"robots\" content=\"index, follow, max-snippet:-1, max-image-preview:large, max-video-preview:-1\" \/>\n<link rel=\"canonical\" href=\"https:\/\/www.glassdogs.de\/?page_id=4689\" \/>\n<meta property=\"og:locale\" content=\"de_DE\" \/>\n<meta property=\"og:type\" content=\"article\" \/>\n<meta property=\"og:title\" content=\"\u00dcber uns - GLASSDOGS\" \/>\n<meta property=\"og:description\" content=\"Ich bin Anika Gla\u00df, Jahrgang 78 \u2013 Hundetrainerin, Coach, Gesundheitsberaterin und Inhaberin von Hundegesundheitstraining Glassdogs. Ich glaube an echte Verbindung \u2013 zwischen Mensch und Hund, aber auch zu sich selbst. Ich bin waschechte Fr\u00e4nkin, verheiratet, freiheitsliebend, bekennende Veganerin, liebe die Natur, das Wandern, gute Gespr\u00e4che, Tanzen, die Stille und lebe f\u00fcr Weiterentwicklung. Mit Herz, Verstand [&hellip;]\" \/>\n<meta property=\"og:url\" content=\"https:\/\/www.glassdogs.de\/?page_id=4689\" \/>\n<meta property=\"og:site_name\" content=\"GLASSDOGS\" \/>\n<meta property=\"article:modified_time\" content=\"2025-11-15T15:06:04+00:00\" \/>\n<meta property=\"og:image\" content=\"https:\/\/www.glassdogs.de\/wp-content\/uploads\/2025\/11\/Kennenlerntermin.jpg\" \/>\n<meta name=\"twitter:card\" content=\"summary_large_image\" \/>\n<meta name=\"twitter:label1\" content=\"Gesch\u00e4tzte Lesezeit\" \/>\n\t<meta name=\"twitter:data1\" content=\"6\u00a0Minuten\" \/>\n<script type=\"application\/ld+json\" class=\"yoast-schema-graph\">{\"@context\":\"https:\\\/\\\/schema.org\",\"@graph\":[{\"@type\":\"WebPage\",\"@id\":\"https:\\\/\\\/www.glassdogs.de\\\/?page_id=4689\",\"url\":\"https:\\\/\\\/www.glassdogs.de\\\/?page_id=4689\",\"name\":\"\u00dcber uns - GLASSDOGS\",\"isPartOf\":{\"@id\":\"https:\\\/\\\/www.glassdogs.de\\\/#website\"},\"primaryImageOfPage\":{\"@id\":\"https:\\\/\\\/www.glassdogs.de\\\/?page_id=4689#primaryimage\"},\"image\":{\"@id\":\"https:\\\/\\\/www.glassdogs.de\\\/?page_id=4689#primaryimage\"},\"thumbnailUrl\":\"https:\\\/\\\/www.glassdogs.de\\\/wp-content\\\/uploads\\\/2025\\\/11\\\/Kennenlerntermin.jpg\",\"datePublished\":\"2025-05-03T14:43:52+00:00\",\"dateModified\":\"2025-11-15T15:06:04+00:00\",\"breadcrumb\":{\"@id\":\"https:\\\/\\\/www.glassdogs.de\\\/?page_id=4689#breadcrumb\"},\"inLanguage\":\"de\",\"potentialAction\":[{\"@type\":\"ReadAction\",\"target\":[\"https:\\\/\\\/www.glassdogs.de\\\/?page_id=4689\"]}]},{\"@type\":\"ImageObject\",\"inLanguage\":\"de\",\"@id\":\"https:\\\/\\\/www.glassdogs.de\\\/?page_id=4689#primaryimage\",\"url\":\"https:\\\/\\\/i0.wp.com\\\/www.glassdogs.de\\\/wp-content\\\/uploads\\\/2025\\\/11\\\/Kennenlerntermin.jpg?fit=526%2C526&ssl=1\",\"contentUrl\":\"https:\\\/\\\/i0.wp.com\\\/www.glassdogs.de\\\/wp-content\\\/uploads\\\/2025\\\/11\\\/Kennenlerntermin.jpg?fit=526%2C526&ssl=1\",\"width\":526,\"height\":526},{\"@type\":\"BreadcrumbList\",\"@id\":\"https:\\\/\\\/www.glassdogs.de\\\/?page_id=4689#breadcrumb\",\"itemListElement\":[{\"@type\":\"ListItem\",\"position\":1,\"name\":\"Startseite\",\"item\":\"https:\\\/\\\/www.glassdogs.de\\\/\"},{\"@type\":\"ListItem\",\"position\":2,\"name\":\"\u00dcber uns\"}]},{\"@type\":\"WebSite\",\"@id\":\"https:\\\/\\\/www.glassdogs.de\\\/#website\",\"url\":\"https:\\\/\\\/www.glassdogs.de\\\/\",\"name\":\"GLASSDOGS\",\"description\":\"\",\"potentialAction\":[{\"@type\":\"SearchAction\",\"target\":{\"@type\":\"EntryPoint\",\"urlTemplate\":\"https:\\\/\\\/www.glassdogs.de\\\/?s={search_term_string}\"},\"query-input\":{\"@type\":\"PropertyValueSpecification\",\"valueRequired\":true,\"valueName\":\"search_term_string\"}}],\"inLanguage\":\"de\"}]}<\/script>\n<!-- \/ Yoast SEO plugin. -->","yoast_head_json":{"title":"\u00dcber uns - GLASSDOGS","robots":{"index":"index","follow":"follow","max-snippet":"max-snippet:-1","max-image-preview":"max-image-preview:large","max-video-preview":"max-video-preview:-1"},"canonical":"https:\/\/www.glassdogs.de\/?page_id=4689","og_locale":"de_DE","og_type":"article","og_title":"\u00dcber uns - GLASSDOGS","og_description":"Ich bin Anika Gla\u00df, Jahrgang 78 \u2013 Hundetrainerin, Coach, Gesundheitsberaterin und Inhaberin von Hundegesundheitstraining Glassdogs. Ich glaube an echte Verbindung \u2013 zwischen Mensch und Hund, aber auch zu sich selbst. Ich bin waschechte Fr\u00e4nkin, verheiratet, freiheitsliebend, bekennende Veganerin, liebe die Natur, das Wandern, gute Gespr\u00e4che, Tanzen, die Stille und lebe f\u00fcr Weiterentwicklung. Mit Herz, Verstand [&hellip;]","og_url":"https:\/\/www.glassdogs.de\/?page_id=4689","og_site_name":"GLASSDOGS","article_modified_time":"2025-11-15T15:06:04+00:00","og_image":[{"url":"https:\/\/www.glassdogs.de\/wp-content\/uploads\/2025\/11\/Kennenlerntermin.jpg","type":"","width":"","height":""}],"twitter_card":"summary_large_image","twitter_misc":{"Gesch\u00e4tzte Lesezeit":"6\u00a0Minuten"},"schema":{"@context":"https:\/\/schema.org","@graph":[{"@type":"WebPage","@id":"https:\/\/www.glassdogs.de\/?page_id=4689","url":"https:\/\/www.glassdogs.de\/?page_id=4689","name":"\u00dcber uns - GLASSDOGS","isPartOf":{"@id":"https:\/\/www.glassdogs.de\/#website"},"primaryImageOfPage":{"@id":"https:\/\/www.glassdogs.de\/?page_id=4689#primaryimage"},"image":{"@id":"https:\/\/www.glassdogs.de\/?page_id=4689#primaryimage"},"thumbnailUrl":"https:\/\/www.glassdogs.de\/wp-content\/uploads\/2025\/11\/Kennenlerntermin.jpg","datePublished":"2025-05-03T14:43:52+00:00","dateModified":"2025-11-15T15:06:04+00:00","breadcrumb":{"@id":"https:\/\/www.glassdogs.de\/?page_id=4689#breadcrumb"},"inLanguage":"de","potentialAction":[{"@type":"ReadAction","target":["https:\/\/www.glassdogs.de\/?page_id=4689"]}]},{"@type":"ImageObject","inLanguage":"de","@id":"https:\/\/www.glassdogs.de\/?page_id=4689#primaryimage","url":"https:\/\/i0.wp.com\/www.glassdogs.de\/wp-content\/uploads\/2025\/11\/Kennenlerntermin.jpg?fit=526%2C526&ssl=1","contentUrl":"https:\/\/i0.wp.com\/www.glassdogs.de\/wp-content\/uploads\/2025\/11\/Kennenlerntermin.jpg?fit=526%2C526&ssl=1","width":526,"height":526},{"@type":"BreadcrumbList","@id":"https:\/\/www.glassdogs.de\/?page_id=4689#breadcrumb","itemListElement":[{"@type":"ListItem","position":1,"name":"Startseite","item":"https:\/\/www.glassdogs.de\/"},{"@type":"ListItem","position":2,"name":"\u00dcber uns"}]},{"@type":"WebSite","@id":"https:\/\/www.glassdogs.de\/#website","url":"https:\/\/www.glassdogs.de\/","name":"GLASSDOGS","description":"","potentialAction":[{"@type":"SearchAction","target":{"@type":"EntryPoint","urlTemplate":"https:\/\/www.glassdogs.de\/?s={search_term_string}"},"query-input":{"@type":"PropertyValueSpecification","valueRequired":true,"valueName":"search_term_string"}}],"inLanguage":"de"}]}},"jetpack_sharing_enabled":true,"jetpack_shortlink":"https:\/\/wp.me\/P7Ryul-1dD","_links":{"self":[{"href":"https:\/\/www.glassdogs.de\/index.php?rest_route=\/wp\/v2\/pages\/4689","targetHints":{"allow":["GET"]}}],"collection":[{"href":"https:\/\/www.glassdogs.de\/index.php?rest_route=\/wp\/v2\/pages"}],"about":[{"href":"https:\/\/www.glassdogs.de\/index.php?rest_route=\/wp\/v2\/types\/page"}],"author":[{"embeddable":true,"href":"https:\/\/www.glassdogs.de\/index.php?rest_route=\/wp\/v2\/users\/1"}],"replies":[{"embeddable":true,"href":"https:\/\/www.glassdogs.de\/index.php?rest_route=%2Fwp%2Fv2%2Fcomments&post=4689"}],"version-history":[{"count":14,"href":"https:\/\/www.glassdogs.de\/index.php?rest_route=\/wp\/v2\/pages\/4689\/revisions"}],"predecessor-version":[{"id":4887,"href":"https:\/\/www.glassdogs.de\/index.php?rest_route=\/wp\/v2\/pages\/4689\/revisions\/4887"}],"wp:attachment":[{"href":"https:\/\/www.glassdogs.de\/index.php?rest_route=%2Fwp%2Fv2%2Fmedia&parent=4689"}],"curies":[{"name":"wp","href":"https:\/\/api.w.org\/{rel}","templated":true}]}}