{"id":4842,"date":"2025-11-14T10:05:55","date_gmt":"2025-11-14T09:05:55","guid":{"rendered":"https:\/\/www.glassdogs.de\/?page_id=4842"},"modified":"2025-12-25T11:11:12","modified_gmt":"2025-12-25T10:11:12","slug":"%f0%9f%8c%b8gesundheit-wohlbefinden","status":"publish","type":"page","link":"https:\/\/www.glassdogs.de\/?page_id=4842","title":{"rendered":"\ud83c\udf38Gesundheit &amp; Wohlbefinden"},"content":{"rendered":"\n<p>Ein Hund kann nur dann wirklich in Balance sein, wenn K\u00f6rper, Emotionen und Verhalten zusammenspielen.<br>Hier findest du Angebote, die deinen Hund k\u00f6rperlich st\u00e4rken, ihm Wohlbefinden schenken und seine nat\u00fcrliche Balance unterst\u00fctzen \u2013 sanft, achtsam und typgerecht.<\/p>\n\n\n\n<p>Ganz gleich, ob es um k\u00f6rperliche Gesundheit oder passende Aktivit\u00e4t geht:<br>Hier erh\u00e4ltst du Impulse und Begleitung, die deinen Hund im ganzen Wesen st\u00e4rken.<\/p>\n\n\n\n<p>\ud83d\udca1 <strong>Hinweis:<\/strong><br>Viele Elemente aus diesem Bereich sind bereits im <strong><a href=\"https:\/\/www.glassdogs.de\/?page_id=4896\">Premium-Paket <em>Balance<\/em><\/a><\/strong> enthalten \u2013 f\u00fcr alle Mensch-Hund-Teams, die Gesundheit, Verhalten und Beziehung ganzheitlich verbinden m\u00f6chten.<\/p>\n\n\n<div class=\"wp-block-image\">\n<figure class=\"aligncenter size-full\"><img data-recalc-dims=\"1\" loading=\"lazy\" decoding=\"async\" width=\"1024\" height=\"724\" src=\"https:\/\/i0.wp.com\/www.glassdogs.de\/wp-content\/uploads\/2025\/12\/Ziel-einlauf.jpeg?resize=1024%2C724&#038;ssl=1\" alt=\"\" class=\"wp-image-5000\" srcset=\"https:\/\/i0.wp.com\/www.glassdogs.de\/wp-content\/uploads\/2025\/12\/Ziel-einlauf.jpeg?w=1024&amp;ssl=1 1024w, https:\/\/i0.wp.com\/www.glassdogs.de\/wp-content\/uploads\/2025\/12\/Ziel-einlauf.jpeg?resize=300%2C212&amp;ssl=1 300w, https:\/\/i0.wp.com\/www.glassdogs.de\/wp-content\/uploads\/2025\/12\/Ziel-einlauf.jpeg?resize=768%2C543&amp;ssl=1 768w\" sizes=\"auto, (max-width: 1024px) 100vw, 1024px\" \/><\/figure>\n<\/div>","protected":false},"excerpt":{"rendered":"<p>Ein Hund kann nur dann wirklich in Balance sein, wenn K\u00f6rper, Emotionen und Verhalten zusammenspielen.Hier findest du Angebote, die deinen Hund k\u00f6rperlich st\u00e4rken, ihm Wohlbefinden schenken und seine nat\u00fcrliche Balance unterst\u00fctzen \u2013 sanft, achtsam und typgerecht. Ganz gleich, ob es um k\u00f6rperliche Gesundheit oder passende Aktivit\u00e4t geht:Hier erh\u00e4ltst du Impulse und Begleitung, die deinen Hund [&hellip;]<\/p>\n","protected":false},"author":1,"featured_media":0,"parent":0,"menu_order":0,"comment_status":"closed","ping_status":"closed","template":"","meta":{"jetpack_post_was_ever_published":false,"footnotes":""},"class_list":["post-4842","page","type-page","status-publish","hentry"],"yoast_head":"<!-- This site is optimized with the Yoast SEO plugin v27.4 - https:\/\/yoast.com\/product\/yoast-seo-wordpress\/ -->\n<title>\ud83c\udf38Gesundheit &amp; Wohlbefinden - GLASSDOGS<\/title>\n<meta name=\"robots\" content=\"index, follow, max-snippet:-1, max-image-preview:large, max-video-preview:-1\" \/>\n<link rel=\"canonical\" href=\"https:\/\/www.glassdogs.de\/?page_id=4842\" \/>\n<meta property=\"og:locale\" content=\"de_DE\" \/>\n<meta property=\"og:type\" content=\"article\" \/>\n<meta property=\"og:title\" content=\"\ud83c\udf38Gesundheit &amp; Wohlbefinden - GLASSDOGS\" \/>\n<meta property=\"og:description\" content=\"Ein Hund kann nur dann wirklich in Balance sein, wenn K\u00f6rper, Emotionen und Verhalten zusammenspielen.Hier findest du Angebote, die deinen Hund k\u00f6rperlich st\u00e4rken, ihm Wohlbefinden schenken und seine nat\u00fcrliche Balance unterst\u00fctzen \u2013 sanft, achtsam und typgerecht. Ganz gleich, ob es um k\u00f6rperliche Gesundheit oder passende Aktivit\u00e4t geht:Hier erh\u00e4ltst du Impulse und Begleitung, die deinen Hund [&hellip;]\" \/>\n<meta property=\"og:url\" content=\"https:\/\/www.glassdogs.de\/?page_id=4842\" \/>\n<meta property=\"og:site_name\" content=\"GLASSDOGS\" \/>\n<meta property=\"article:modified_time\" content=\"2025-12-25T10:11:12+00:00\" \/>\n<meta property=\"og:image\" content=\"https:\/\/www.glassdogs.de\/wp-content\/uploads\/2025\/12\/Ziel-einlauf.jpeg\" \/>\n<meta name=\"twitter:card\" content=\"summary_large_image\" \/>\n<meta name=\"twitter:label1\" content=\"Gesch\u00e4tzte Lesezeit\" \/>\n\t<meta name=\"twitter:data1\" content=\"1\u00a0Minute\" \/>\n<script type=\"application\/ld+json\" class=\"yoast-schema-graph\">{\"@context\":\"https:\\\/\\\/schema.org\",\"@graph\":[{\"@type\":\"WebPage\",\"@id\":\"https:\\\/\\\/www.glassdogs.de\\\/?page_id=4842\",\"url\":\"https:\\\/\\\/www.glassdogs.de\\\/?page_id=4842\",\"name\":\"\ud83c\udf38Gesundheit &amp; Wohlbefinden - GLASSDOGS\",\"isPartOf\":{\"@id\":\"https:\\\/\\\/www.glassdogs.de\\\/#website\"},\"primaryImageOfPage\":{\"@id\":\"https:\\\/\\\/www.glassdogs.de\\\/?page_id=4842#primaryimage\"},\"image\":{\"@id\":\"https:\\\/\\\/www.glassdogs.de\\\/?page_id=4842#primaryimage\"},\"thumbnailUrl\":\"https:\\\/\\\/www.glassdogs.de\\\/wp-content\\\/uploads\\\/2025\\\/12\\\/Ziel-einlauf.jpeg\",\"datePublished\":\"2025-11-14T09:05:55+00:00\",\"dateModified\":\"2025-12-25T10:11:12+00:00\",\"breadcrumb\":{\"@id\":\"https:\\\/\\\/www.glassdogs.de\\\/?page_id=4842#breadcrumb\"},\"inLanguage\":\"de\",\"potentialAction\":[{\"@type\":\"ReadAction\",\"target\":[\"https:\\\/\\\/www.glassdogs.de\\\/?page_id=4842\"]}]},{\"@type\":\"ImageObject\",\"inLanguage\":\"de\",\"@id\":\"https:\\\/\\\/www.glassdogs.de\\\/?page_id=4842#primaryimage\",\"url\":\"https:\\\/\\\/i0.wp.com\\\/www.glassdogs.de\\\/wp-content\\\/uploads\\\/2025\\\/12\\\/Ziel-einlauf.jpeg?fit=1024%2C724&ssl=1\",\"contentUrl\":\"https:\\\/\\\/i0.wp.com\\\/www.glassdogs.de\\\/wp-content\\\/uploads\\\/2025\\\/12\\\/Ziel-einlauf.jpeg?fit=1024%2C724&ssl=1\",\"width\":1024,\"height\":724},{\"@type\":\"BreadcrumbList\",\"@id\":\"https:\\\/\\\/www.glassdogs.de\\\/?page_id=4842#breadcrumb\",\"itemListElement\":[{\"@type\":\"ListItem\",\"position\":1,\"name\":\"Startseite\",\"item\":\"https:\\\/\\\/www.glassdogs.de\\\/\"},{\"@type\":\"ListItem\",\"position\":2,\"name\":\"\ud83c\udf38Gesundheit &amp; Wohlbefinden\"}]},{\"@type\":\"WebSite\",\"@id\":\"https:\\\/\\\/www.glassdogs.de\\\/#website\",\"url\":\"https:\\\/\\\/www.glassdogs.de\\\/\",\"name\":\"GLASSDOGS\",\"description\":\"\",\"potentialAction\":[{\"@type\":\"SearchAction\",\"target\":{\"@type\":\"EntryPoint\",\"urlTemplate\":\"https:\\\/\\\/www.glassdogs.de\\\/?s={search_term_string}\"},\"query-input\":{\"@type\":\"PropertyValueSpecification\",\"valueRequired\":true,\"valueName\":\"search_term_string\"}}],\"inLanguage\":\"de\"}]}<\/script>\n<!-- \/ Yoast SEO plugin. -->","yoast_head_json":{"title":"\ud83c\udf38Gesundheit &amp; Wohlbefinden - GLASSDOGS","robots":{"index":"index","follow":"follow","max-snippet":"max-snippet:-1","max-image-preview":"max-image-preview:large","max-video-preview":"max-video-preview:-1"},"canonical":"https:\/\/www.glassdogs.de\/?page_id=4842","og_locale":"de_DE","og_type":"article","og_title":"\ud83c\udf38Gesundheit &amp; Wohlbefinden - GLASSDOGS","og_description":"Ein Hund kann nur dann wirklich in Balance sein, wenn K\u00f6rper, Emotionen und Verhalten zusammenspielen.Hier findest du Angebote, die deinen Hund k\u00f6rperlich st\u00e4rken, ihm Wohlbefinden schenken und seine nat\u00fcrliche Balance unterst\u00fctzen \u2013 sanft, achtsam und typgerecht. Ganz gleich, ob es um k\u00f6rperliche Gesundheit oder passende Aktivit\u00e4t geht:Hier erh\u00e4ltst du Impulse und Begleitung, die deinen Hund [&hellip;]","og_url":"https:\/\/www.glassdogs.de\/?page_id=4842","og_site_name":"GLASSDOGS","article_modified_time":"2025-12-25T10:11:12+00:00","og_image":[{"url":"https:\/\/www.glassdogs.de\/wp-content\/uploads\/2025\/12\/Ziel-einlauf.jpeg","type":"","width":"","height":""}],"twitter_card":"summary_large_image","twitter_misc":{"Gesch\u00e4tzte Lesezeit":"1\u00a0Minute"},"schema":{"@context":"https:\/\/schema.org","@graph":[{"@type":"WebPage","@id":"https:\/\/www.glassdogs.de\/?page_id=4842","url":"https:\/\/www.glassdogs.de\/?page_id=4842","name":"\ud83c\udf38Gesundheit &amp; Wohlbefinden - GLASSDOGS","isPartOf":{"@id":"https:\/\/www.glassdogs.de\/#website"},"primaryImageOfPage":{"@id":"https:\/\/www.glassdogs.de\/?page_id=4842#primaryimage"},"image":{"@id":"https:\/\/www.glassdogs.de\/?page_id=4842#primaryimage"},"thumbnailUrl":"https:\/\/www.glassdogs.de\/wp-content\/uploads\/2025\/12\/Ziel-einlauf.jpeg","datePublished":"2025-11-14T09:05:55+00:00","dateModified":"2025-12-25T10:11:12+00:00","breadcrumb":{"@id":"https:\/\/www.glassdogs.de\/?page_id=4842#breadcrumb"},"inLanguage":"de","potentialAction":[{"@type":"ReadAction","target":["https:\/\/www.glassdogs.de\/?page_id=4842"]}]},{"@type":"ImageObject","inLanguage":"de","@id":"https:\/\/www.glassdogs.de\/?page_id=4842#primaryimage","url":"https:\/\/i0.wp.com\/www.glassdogs.de\/wp-content\/uploads\/2025\/12\/Ziel-einlauf.jpeg?fit=1024%2C724&ssl=1","contentUrl":"https:\/\/i0.wp.com\/www.glassdogs.de\/wp-content\/uploads\/2025\/12\/Ziel-einlauf.jpeg?fit=1024%2C724&ssl=1","width":1024,"height":724},{"@type":"BreadcrumbList","@id":"https:\/\/www.glassdogs.de\/?page_id=4842#breadcrumb","itemListElement":[{"@type":"ListItem","position":1,"name":"Startseite","item":"https:\/\/www.glassdogs.de\/"},{"@type":"ListItem","position":2,"name":"\ud83c\udf38Gesundheit &amp; Wohlbefinden"}]},{"@type":"WebSite","@id":"https:\/\/www.glassdogs.de\/#website","url":"https:\/\/www.glassdogs.de\/","name":"GLASSDOGS","description":"","potentialAction":[{"@type":"SearchAction","target":{"@type":"EntryPoint","urlTemplate":"https:\/\/www.glassdogs.de\/?s={search_term_string}"},"query-input":{"@type":"PropertyValueSpecification","valueRequired":true,"valueName":"search_term_string"}}],"inLanguage":"de"}]}},"jetpack_sharing_enabled":true,"jetpack_shortlink":"https:\/\/wp.me\/P7Ryul-1g6","_links":{"self":[{"href":"https:\/\/www.glassdogs.de\/index.php?rest_route=\/wp\/v2\/pages\/4842","targetHints":{"allow":["GET"]}}],"collection":[{"href":"https:\/\/www.glassdogs.de\/index.php?rest_route=\/wp\/v2\/pages"}],"about":[{"href":"https:\/\/www.glassdogs.de\/index.php?rest_route=\/wp\/v2\/types\/page"}],"author":[{"embeddable":true,"href":"https:\/\/www.glassdogs.de\/index.php?rest_route=\/wp\/v2\/users\/1"}],"replies":[{"embeddable":true,"href":"https:\/\/www.glassdogs.de\/index.php?rest_route=%2Fwp%2Fv2%2Fcomments&post=4842"}],"version-history":[{"count":6,"href":"https:\/\/www.glassdogs.de\/index.php?rest_route=\/wp\/v2\/pages\/4842\/revisions"}],"predecessor-version":[{"id":5003,"href":"https:\/\/www.glassdogs.de\/index.php?rest_route=\/wp\/v2\/pages\/4842\/revisions\/5003"}],"wp:attachment":[{"href":"https:\/\/www.glassdogs.de\/index.php?rest_route=%2Fwp%2Fv2%2Fmedia&parent=4842"}],"curies":[{"name":"wp","href":"https:\/\/api.w.org\/{rel}","templated":true}]}}