{"id":4901,"date":"2025-11-15T21:00:22","date_gmt":"2025-11-15T20:00:22","guid":{"rendered":"https:\/\/www.glassdogs.de\/?page_id=4901"},"modified":"2025-12-25T10:47:16","modified_gmt":"2025-12-25T09:47:16","slug":"%f0%9f%8c%90-glassdogs-online-mentoring-3-monate","status":"publish","type":"page","link":"https:\/\/www.glassdogs.de\/?page_id=4901","title":{"rendered":"\ud83c\udf10 Glassdogs Online-Mentoring"},"content":{"rendered":"\n<p><em>Intensiv &amp; typgerecht begleitet \u2013 auch \u00fcber Distanz<\/em><\/p>\n\n\n\n<p>F\u00fcr alle, die zu weit entfernt wohnen oder lieber online arbeiten, aber dieselbe  Tiefe und pers\u00f6nliche Begleitung w\u00fcnschen.<\/p>\n\n\n\n<p>Hier arbeiten wir digital, aber nie distanziert &#8211; individuell, strukturiert und nah.<\/p>\n\n\n\n<p>\ud83d\udc8e Leistungen<\/p>\n\n\n\n<ul class=\"wp-block-list\">\n<li>Kick-off-Call (90 Min)<\/li>\n\n\n\n<li>5 Online-Sessions \u00e0 60 Min (Zoom)<\/li>\n\n\n\n<li>W\u00f6chentliche VIP-Sprechstunde<\/li>\n\n\n\n<li>Videoanalysen (2\u20133 pro Woche)<\/li>\n\n\n\n<li>Begleit-Support per WhatsApp (werktags, Antwortzeit innerhalb von 48 Stunden)<\/li>\n<\/ul>\n\n\n\n<p><strong>\ud83d\udcb6 890 \u20ac<\/strong> (3 \u00d7 315 \u20ac m\u00f6glich)<\/p>\n\n\n\n<p><em>Voraussetzung:<\/em> HSS\u00ae-Pers\u00f6nlichkeitsanalyse deines Hundes (bereits erfolgt oder vorab buchbar).<\/p>\n\n\n<div class=\"wp-block-image\">\n<figure class=\"aligncenter size-large\"><img data-recalc-dims=\"1\" loading=\"lazy\" decoding=\"async\" width=\"542\" height=\"1024\" src=\"https:\/\/i0.wp.com\/www.glassdogs.de\/wp-content\/uploads\/2025\/12\/Hereingeschnueffelt-27.jpg?resize=542%2C1024&#038;ssl=1\" alt=\"\" class=\"wp-image-4981\" srcset=\"https:\/\/i0.wp.com\/www.glassdogs.de\/wp-content\/uploads\/2025\/12\/Hereingeschnueffelt-27.jpg?resize=542%2C1024&amp;ssl=1 542w, https:\/\/i0.wp.com\/www.glassdogs.de\/wp-content\/uploads\/2025\/12\/Hereingeschnueffelt-27.jpg?resize=159%2C300&amp;ssl=1 159w, https:\/\/i0.wp.com\/www.glassdogs.de\/wp-content\/uploads\/2025\/12\/Hereingeschnueffelt-27.jpg?resize=768%2C1451&amp;ssl=1 768w, https:\/\/i0.wp.com\/www.glassdogs.de\/wp-content\/uploads\/2025\/12\/Hereingeschnueffelt-27.jpg?resize=813%2C1536&amp;ssl=1 813w, https:\/\/i0.wp.com\/www.glassdogs.de\/wp-content\/uploads\/2025\/12\/Hereingeschnueffelt-27.jpg?w=1084&amp;ssl=1 1084w\" sizes=\"auto, (max-width: 542px) 100vw, 542px\" \/><\/figure>\n<\/div>","protected":false},"excerpt":{"rendered":"<p>Intensiv &amp; typgerecht begleitet \u2013 auch \u00fcber Distanz F\u00fcr alle, die zu weit entfernt wohnen oder lieber online arbeiten, aber dieselbe Tiefe und pers\u00f6nliche Begleitung w\u00fcnschen. Hier arbeiten wir digital, aber nie distanziert &#8211; individuell, strukturiert und nah. \ud83d\udc8e Leistungen \ud83d\udcb6 890 \u20ac (3 \u00d7 315 \u20ac m\u00f6glich) Voraussetzung: HSS\u00ae-Pers\u00f6nlichkeitsanalyse deines Hundes (bereits erfolgt oder [&hellip;]<\/p>\n","protected":false},"author":1,"featured_media":0,"parent":0,"menu_order":0,"comment_status":"closed","ping_status":"closed","template":"","meta":{"jetpack_post_was_ever_published":false,"footnotes":""},"class_list":["post-4901","page","type-page","status-publish","hentry"],"yoast_head":"<!-- This site is optimized with the Yoast SEO plugin v27.4 - https:\/\/yoast.com\/product\/yoast-seo-wordpress\/ -->\n<title>\ud83c\udf10 Glassdogs Online-Mentoring - GLASSDOGS<\/title>\n<meta name=\"robots\" content=\"index, follow, max-snippet:-1, max-image-preview:large, max-video-preview:-1\" \/>\n<link rel=\"canonical\" href=\"https:\/\/www.glassdogs.de\/?page_id=4901\" \/>\n<meta property=\"og:locale\" content=\"de_DE\" \/>\n<meta property=\"og:type\" content=\"article\" \/>\n<meta property=\"og:title\" content=\"\ud83c\udf10 Glassdogs Online-Mentoring - GLASSDOGS\" \/>\n<meta property=\"og:description\" content=\"Intensiv &amp; typgerecht begleitet \u2013 auch \u00fcber Distanz F\u00fcr alle, die zu weit entfernt wohnen oder lieber online arbeiten, aber dieselbe Tiefe und pers\u00f6nliche Begleitung w\u00fcnschen. Hier arbeiten wir digital, aber nie distanziert &#8211; individuell, strukturiert und nah. \ud83d\udc8e Leistungen \ud83d\udcb6 890 \u20ac (3 \u00d7 315 \u20ac m\u00f6glich) Voraussetzung: HSS\u00ae-Pers\u00f6nlichkeitsanalyse deines Hundes (bereits erfolgt oder [&hellip;]\" \/>\n<meta property=\"og:url\" content=\"https:\/\/www.glassdogs.de\/?page_id=4901\" \/>\n<meta property=\"og:site_name\" content=\"GLASSDOGS\" \/>\n<meta property=\"article:modified_time\" content=\"2025-12-25T09:47:16+00:00\" \/>\n<meta property=\"og:image\" content=\"https:\/\/www.glassdogs.de\/wp-content\/uploads\/2025\/12\/Hereingeschnueffelt-27-542x1024.jpg\" \/>\n<meta name=\"twitter:card\" content=\"summary_large_image\" \/>\n<meta name=\"twitter:label1\" content=\"Gesch\u00e4tzte Lesezeit\" \/>\n\t<meta name=\"twitter:data1\" content=\"1\u00a0Minute\" \/>\n<script type=\"application\/ld+json\" class=\"yoast-schema-graph\">{\"@context\":\"https:\\\/\\\/schema.org\",\"@graph\":[{\"@type\":\"WebPage\",\"@id\":\"https:\\\/\\\/www.glassdogs.de\\\/?page_id=4901\",\"url\":\"https:\\\/\\\/www.glassdogs.de\\\/?page_id=4901\",\"name\":\"\ud83c\udf10 Glassdogs Online-Mentoring - GLASSDOGS\",\"isPartOf\":{\"@id\":\"https:\\\/\\\/www.glassdogs.de\\\/#website\"},\"primaryImageOfPage\":{\"@id\":\"https:\\\/\\\/www.glassdogs.de\\\/?page_id=4901#primaryimage\"},\"image\":{\"@id\":\"https:\\\/\\\/www.glassdogs.de\\\/?page_id=4901#primaryimage\"},\"thumbnailUrl\":\"https:\\\/\\\/www.glassdogs.de\\\/wp-content\\\/uploads\\\/2025\\\/12\\\/Hereingeschnueffelt-27-542x1024.jpg\",\"datePublished\":\"2025-11-15T20:00:22+00:00\",\"dateModified\":\"2025-12-25T09:47:16+00:00\",\"breadcrumb\":{\"@id\":\"https:\\\/\\\/www.glassdogs.de\\\/?page_id=4901#breadcrumb\"},\"inLanguage\":\"de\",\"potentialAction\":[{\"@type\":\"ReadAction\",\"target\":[\"https:\\\/\\\/www.glassdogs.de\\\/?page_id=4901\"]}]},{\"@type\":\"ImageObject\",\"inLanguage\":\"de\",\"@id\":\"https:\\\/\\\/www.glassdogs.de\\\/?page_id=4901#primaryimage\",\"url\":\"https:\\\/\\\/i0.wp.com\\\/www.glassdogs.de\\\/wp-content\\\/uploads\\\/2025\\\/12\\\/Hereingeschnueffelt-27.jpg?fit=1084%2C2048&ssl=1\",\"contentUrl\":\"https:\\\/\\\/i0.wp.com\\\/www.glassdogs.de\\\/wp-content\\\/uploads\\\/2025\\\/12\\\/Hereingeschnueffelt-27.jpg?fit=1084%2C2048&ssl=1\",\"width\":1084,\"height\":2048},{\"@type\":\"BreadcrumbList\",\"@id\":\"https:\\\/\\\/www.glassdogs.de\\\/?page_id=4901#breadcrumb\",\"itemListElement\":[{\"@type\":\"ListItem\",\"position\":1,\"name\":\"Startseite\",\"item\":\"https:\\\/\\\/www.glassdogs.de\\\/\"},{\"@type\":\"ListItem\",\"position\":2,\"name\":\"\ud83c\udf10 Glassdogs Online-Mentoring\"}]},{\"@type\":\"WebSite\",\"@id\":\"https:\\\/\\\/www.glassdogs.de\\\/#website\",\"url\":\"https:\\\/\\\/www.glassdogs.de\\\/\",\"name\":\"GLASSDOGS\",\"description\":\"\",\"potentialAction\":[{\"@type\":\"SearchAction\",\"target\":{\"@type\":\"EntryPoint\",\"urlTemplate\":\"https:\\\/\\\/www.glassdogs.de\\\/?s={search_term_string}\"},\"query-input\":{\"@type\":\"PropertyValueSpecification\",\"valueRequired\":true,\"valueName\":\"search_term_string\"}}],\"inLanguage\":\"de\"}]}<\/script>\n<!-- \/ Yoast SEO plugin. -->","yoast_head_json":{"title":"\ud83c\udf10 Glassdogs Online-Mentoring - GLASSDOGS","robots":{"index":"index","follow":"follow","max-snippet":"max-snippet:-1","max-image-preview":"max-image-preview:large","max-video-preview":"max-video-preview:-1"},"canonical":"https:\/\/www.glassdogs.de\/?page_id=4901","og_locale":"de_DE","og_type":"article","og_title":"\ud83c\udf10 Glassdogs Online-Mentoring - GLASSDOGS","og_description":"Intensiv &amp; typgerecht begleitet \u2013 auch \u00fcber Distanz F\u00fcr alle, die zu weit entfernt wohnen oder lieber online arbeiten, aber dieselbe Tiefe und pers\u00f6nliche Begleitung w\u00fcnschen. Hier arbeiten wir digital, aber nie distanziert &#8211; individuell, strukturiert und nah. \ud83d\udc8e Leistungen \ud83d\udcb6 890 \u20ac (3 \u00d7 315 \u20ac m\u00f6glich) Voraussetzung: HSS\u00ae-Pers\u00f6nlichkeitsanalyse deines Hundes (bereits erfolgt oder [&hellip;]","og_url":"https:\/\/www.glassdogs.de\/?page_id=4901","og_site_name":"GLASSDOGS","article_modified_time":"2025-12-25T09:47:16+00:00","og_image":[{"url":"https:\/\/www.glassdogs.de\/wp-content\/uploads\/2025\/12\/Hereingeschnueffelt-27-542x1024.jpg","type":"","width":"","height":""}],"twitter_card":"summary_large_image","twitter_misc":{"Gesch\u00e4tzte Lesezeit":"1\u00a0Minute"},"schema":{"@context":"https:\/\/schema.org","@graph":[{"@type":"WebPage","@id":"https:\/\/www.glassdogs.de\/?page_id=4901","url":"https:\/\/www.glassdogs.de\/?page_id=4901","name":"\ud83c\udf10 Glassdogs Online-Mentoring - GLASSDOGS","isPartOf":{"@id":"https:\/\/www.glassdogs.de\/#website"},"primaryImageOfPage":{"@id":"https:\/\/www.glassdogs.de\/?page_id=4901#primaryimage"},"image":{"@id":"https:\/\/www.glassdogs.de\/?page_id=4901#primaryimage"},"thumbnailUrl":"https:\/\/www.glassdogs.de\/wp-content\/uploads\/2025\/12\/Hereingeschnueffelt-27-542x1024.jpg","datePublished":"2025-11-15T20:00:22+00:00","dateModified":"2025-12-25T09:47:16+00:00","breadcrumb":{"@id":"https:\/\/www.glassdogs.de\/?page_id=4901#breadcrumb"},"inLanguage":"de","potentialAction":[{"@type":"ReadAction","target":["https:\/\/www.glassdogs.de\/?page_id=4901"]}]},{"@type":"ImageObject","inLanguage":"de","@id":"https:\/\/www.glassdogs.de\/?page_id=4901#primaryimage","url":"https:\/\/i0.wp.com\/www.glassdogs.de\/wp-content\/uploads\/2025\/12\/Hereingeschnueffelt-27.jpg?fit=1084%2C2048&ssl=1","contentUrl":"https:\/\/i0.wp.com\/www.glassdogs.de\/wp-content\/uploads\/2025\/12\/Hereingeschnueffelt-27.jpg?fit=1084%2C2048&ssl=1","width":1084,"height":2048},{"@type":"BreadcrumbList","@id":"https:\/\/www.glassdogs.de\/?page_id=4901#breadcrumb","itemListElement":[{"@type":"ListItem","position":1,"name":"Startseite","item":"https:\/\/www.glassdogs.de\/"},{"@type":"ListItem","position":2,"name":"\ud83c\udf10 Glassdogs Online-Mentoring"}]},{"@type":"WebSite","@id":"https:\/\/www.glassdogs.de\/#website","url":"https:\/\/www.glassdogs.de\/","name":"GLASSDOGS","description":"","potentialAction":[{"@type":"SearchAction","target":{"@type":"EntryPoint","urlTemplate":"https:\/\/www.glassdogs.de\/?s={search_term_string}"},"query-input":{"@type":"PropertyValueSpecification","valueRequired":true,"valueName":"search_term_string"}}],"inLanguage":"de"}]}},"jetpack_sharing_enabled":true,"jetpack_shortlink":"https:\/\/wp.me\/P7Ryul-1h3","_links":{"self":[{"href":"https:\/\/www.glassdogs.de\/index.php?rest_route=\/wp\/v2\/pages\/4901","targetHints":{"allow":["GET"]}}],"collection":[{"href":"https:\/\/www.glassdogs.de\/index.php?rest_route=\/wp\/v2\/pages"}],"about":[{"href":"https:\/\/www.glassdogs.de\/index.php?rest_route=\/wp\/v2\/types\/page"}],"author":[{"embeddable":true,"href":"https:\/\/www.glassdogs.de\/index.php?rest_route=\/wp\/v2\/users\/1"}],"replies":[{"embeddable":true,"href":"https:\/\/www.glassdogs.de\/index.php?rest_route=%2Fwp%2Fv2%2Fcomments&post=4901"}],"version-history":[{"count":3,"href":"https:\/\/www.glassdogs.de\/index.php?rest_route=\/wp\/v2\/pages\/4901\/revisions"}],"predecessor-version":[{"id":4982,"href":"https:\/\/www.glassdogs.de\/index.php?rest_route=\/wp\/v2\/pages\/4901\/revisions\/4982"}],"wp:attachment":[{"href":"https:\/\/www.glassdogs.de\/index.php?rest_route=%2Fwp%2Fv2%2Fmedia&parent=4901"}],"curies":[{"name":"wp","href":"https:\/\/api.w.org\/{rel}","templated":true}]}}